{"id":9883,"date":"2025-06-10T09:11:02","date_gmt":"2025-06-10T09:11:02","guid":{"rendered":"https:\/\/papiret.no\/?post_type=product&#038;p=9883"},"modified":"2025-11-05T09:40:00","modified_gmt":"2025-11-05T09:40:00","slug":"norsk-keramikk","status":"publish","type":"product","link":"https:\/\/papiret.no\/en\/product\/norsk-keramikk\/","title":{"rendered":"Norsk keramikk"},"content":{"rendered":"","protected":false},"excerpt":{"rendered":"<p><strong>Boken som samler og l\u00f8fter norsk keramikk<\/strong><\/p>\n<p>Med denne boken samles endelig hele historien om norsk keramikk mellom to permer, fra 1800-tallet til dagens talentfulle, unge kunstnere. Boken <em>Norsk Keramikk<\/em> samler, l\u00f8fter og feirer et viktig h\u00e5ndverksfelt, med m\u00e5l om \u00e5 b\u00e5de begeistre og opplyse. Dette er sannsynligvis den mest omfattende og helhetlige boken om keramikk som noensinne er publisert i Skandinavia.<\/p>\n<p><strong>Laget for samlere, kunstinteresserte og fagmilj\u00f8er<\/strong><\/p>\n<p>Boken viser frem b\u00e5de kjente navn og de som lenge har v\u00e6rt glemt. I tillegg inneholder den en rik oversikt over stempler og signaturer, som gj\u00f8r det enklere \u00e5 identifisere verker og forst\u00e5 kunstnernes uttrykk og historie.<\/p>\n<p>Boken presenterer flere hundre keramikere. Ved \u00e5 kombinere bilder, historikk og fagkunnskap, blir <em>Norsk keramikk<\/em> b\u00e5de et vakkert oppslagsverk og en kilde til etterlengtet faglig fordypning.<\/p>\n<p>Boken er soft cover innbundet med \u00e5pen rygg og boktape, slik at den ligger tiln\u00e6rmet flatt n\u00e5r man blar i den. Med sine ruvende 478 sider og n\u00e6rmere to kilo i vekt s\u00e5 er det viktig for oss at den gir deg en god leseropplevelse og at alle verkene kommer til sin rett.<\/p>\n<p><strong>Note: This book is only available in Norwegian.<\/strong><\/p>\n<div class=\"papiret-outofstock\">Tomt p\u00e5 lager<\/div>","protected":false},"featured_media":9923,"template":"","meta":{"_acf_changed":false},"product_brand":[],"product_cat":[195],"product_tag":[69,72,70,71,193,194],"class_list":{"0":"post-9883","1":"product","2":"type-product","3":"status-publish","4":"has-post-thumbnail","6":"product_cat-norsk-keramikk","7":"product_tag-bok","8":"product_tag-book","9":"product_tag-books","10":"product_tag-boker","11":"product_tag-norsk-keramikk","12":"product_tag-norskkeramikk","14":"first","15":"outofstock","16":"taxable","17":"shipping-taxable","18":"product-type-simple"},"bundled_by":[],"bundle_stock_status":"outofstock","bundle_stock_quantity":null,"bundle_virtual":false,"bundle_layout":"","bundle_add_to_cart_form_location":"","bundle_editable_in_cart":false,"bundle_sold_individually_context":"","bundle_item_grouping":"","bundle_min_size":"","bundle_max_size":"","bundled_items":[],"bundle_sell_ids":[],"acf":[],"_links":{"self":[{"href":"https:\/\/papiret.no\/en\/wp-json\/wp\/v2\/product\/9883","targetHints":{"allow":["GET"]}}],"collection":[{"href":"https:\/\/papiret.no\/en\/wp-json\/wp\/v2\/product"}],"about":[{"href":"https:\/\/papiret.no\/en\/wp-json\/wp\/v2\/types\/product"}],"wp:featuredmedia":[{"embeddable":true,"href":"https:\/\/papiret.no\/en\/wp-json\/wp\/v2\/media\/9923"}],"wp:attachment":[{"href":"https:\/\/papiret.no\/en\/wp-json\/wp\/v2\/media?parent=9883"}],"wp:term":[{"taxonomy":"product_brand","embeddable":true,"href":"https:\/\/papiret.no\/en\/wp-json\/wp\/v2\/product_brand?post=9883"},{"taxonomy":"product_cat","embeddable":true,"href":"https:\/\/papiret.no\/en\/wp-json\/wp\/v2\/product_cat?post=9883"},{"taxonomy":"product_tag","embeddable":true,"href":"https:\/\/papiret.no\/en\/wp-json\/wp\/v2\/product_tag?post=9883"}],"curies":[{"name":"wp","href":"https:\/\/api.w.org\/{rel}","templated":true}]}}