{"id":9737,"date":"2025-02-06T09:46:02","date_gmt":"2025-02-06T09:46:02","guid":{"rendered":"https:\/\/papiret.no\/?post_type=product&#038;p=9737"},"modified":"2025-10-22T12:30:27","modified_gmt":"2025-10-22T12:30:27","slug":"terje-meyer","status":"publish","type":"product","link":"https:\/\/papiret.no\/en\/product\/terje-meyer\/","title":{"rendered":"Terje Meyer"},"content":{"rendered":"","protected":false},"excerpt":{"rendered":"<p class=\"x_MsoNoSpacing\" data-olk-copy-source=\"MessageBody\">Terje Meyer var industridesigneren som favnet bredt. Under karrierens l\u00f8p ble det utformet m\u00f8bler, interi\u00f8r, stetoskop, tog og mye annet. Etter \u00e5 ha tegnet Kongevognen til Vinter-OL p\u00e5 Lillehammer designet han etter \u00f8nske fra dronning Sonja kongeparets garderobel\u00f8sninger p\u00e5 Slottet. Samtidig var Meyer dypt opptatt av fagets utvikling. Som styremedlem i International Council of Societies of Industrial Design var han engasjert i det internasjonale industridesignermilj\u00f8et. Til tross for at navnet Terje Meyer er ukjent for de aller fleste s\u00e5 har det norske folk ofte v\u00e6rt i kontakt med hans design. Flytoget er kronjuvelen i kunstnerskapet.<\/p>","protected":false},"featured_media":9744,"template":"","meta":{"_acf_changed":false},"product_brand":[],"product_cat":[79],"product_tag":[69,72,70,71,87,86],"class_list":{"0":"post-9737","1":"product","2":"type-product","3":"status-publish","4":"has-post-thumbnail","6":"product_cat-industridesign","7":"product_tag-bok","8":"product_tag-book","9":"product_tag-books","10":"product_tag-boker","11":"product_tag-industrial-design","12":"product_tag-industridesign","14":"first","15":"instock","16":"taxable","17":"shipping-taxable","18":"purchasable","19":"product-type-simple"},"bundled_by":["9746","8848","8810"],"bundle_stock_status":"instock","bundle_stock_quantity":null,"bundle_virtual":false,"bundle_layout":"","bundle_add_to_cart_form_location":"","bundle_editable_in_cart":false,"bundle_sold_individually_context":"","bundle_item_grouping":"","bundle_min_size":"","bundle_max_size":"","bundled_items":[],"bundle_sell_ids":[],"acf":[],"_links":{"self":[{"href":"https:\/\/papiret.no\/en\/wp-json\/wp\/v2\/product\/9737","targetHints":{"allow":["GET"]}}],"collection":[{"href":"https:\/\/papiret.no\/en\/wp-json\/wp\/v2\/product"}],"about":[{"href":"https:\/\/papiret.no\/en\/wp-json\/wp\/v2\/types\/product"}],"wp:featuredmedia":[{"embeddable":true,"href":"https:\/\/papiret.no\/en\/wp-json\/wp\/v2\/media\/9744"}],"wp:attachment":[{"href":"https:\/\/papiret.no\/en\/wp-json\/wp\/v2\/media?parent=9737"}],"wp:term":[{"taxonomy":"product_brand","embeddable":true,"href":"https:\/\/papiret.no\/en\/wp-json\/wp\/v2\/product_brand?post=9737"},{"taxonomy":"product_cat","embeddable":true,"href":"https:\/\/papiret.no\/en\/wp-json\/wp\/v2\/product_cat?post=9737"},{"taxonomy":"product_tag","embeddable":true,"href":"https:\/\/papiret.no\/en\/wp-json\/wp\/v2\/product_tag?post=9737"}],"curies":[{"name":"wp","href":"https:\/\/api.w.org\/{rel}","templated":true}]}}