{"id":7525,"date":"2022-09-23T08:00:57","date_gmt":"2022-09-23T08:00:57","guid":{"rendered":"https:\/\/papiret.no\/?post_type=product&#038;p=7525"},"modified":"2025-12-02T11:46:10","modified_gmt":"2025-12-02T11:46:10","slug":"sigurd-resell","status":"publish","type":"product","link":"https:\/\/papiret.no\/en\/product\/sigurd-resell\/","title":{"rendered":"Sigurd Resell"},"content":{"rendered":"","protected":false},"excerpt":{"rendered":"<p>Sigurd Resell jobbet for det meste for andre, tross dette skapte han sitt eget sterke navn. I tiden hos Rastad &#038; Relling bidro han sterkt til \u00e5 l\u00f8fte norsk m\u00f8beldesign utenfor landets grenser. Resells \u00e5r som formgiver for Vatne Lenestolfabrikk gjorde at firmaets produksjon ble mangedoblet. Det sier mye om hvor stor betydning \u00e9n person kan ha for en bedrift. I l\u00f8pet av de siste \u00e5rene har interessen for Sigurd Resell vokst og flere av hans m\u00f8bler har kommet i nyproduksjon.<\/p>\n<p>Our publications are bilingual, with all text in both Norwegian and English.<\/p>\n<p>Author Mats Linder<\/p>","protected":false},"featured_media":8342,"template":"","meta":{"_acf_changed":false},"product_brand":[],"product_cat":[75],"product_tag":[69,72,70,71,89,88],"class_list":{"0":"post-7525","1":"product","2":"type-product","3":"status-publish","4":"has-post-thumbnail","6":"product_cat-mobeldesign","7":"product_tag-bok","8":"product_tag-book","9":"product_tag-books","10":"product_tag-boker","11":"product_tag-furniture-design","12":"product_tag-mobeldesign","14":"first","15":"instock","16":"taxable","17":"shipping-taxable","18":"purchasable","19":"product-type-simple"},"bundled_by":["8810","8846","8848"],"bundle_stock_status":"instock","bundle_stock_quantity":null,"bundle_virtual":false,"bundle_layout":"","bundle_add_to_cart_form_location":"","bundle_editable_in_cart":false,"bundle_sold_individually_context":"","bundle_item_grouping":"","bundle_min_size":"","bundle_max_size":"","bundled_items":[],"bundle_sell_ids":[],"acf":[],"_links":{"self":[{"href":"https:\/\/papiret.no\/en\/wp-json\/wp\/v2\/product\/7525","targetHints":{"allow":["GET"]}}],"collection":[{"href":"https:\/\/papiret.no\/en\/wp-json\/wp\/v2\/product"}],"about":[{"href":"https:\/\/papiret.no\/en\/wp-json\/wp\/v2\/types\/product"}],"wp:featuredmedia":[{"embeddable":true,"href":"https:\/\/papiret.no\/en\/wp-json\/wp\/v2\/media\/8342"}],"wp:attachment":[{"href":"https:\/\/papiret.no\/en\/wp-json\/wp\/v2\/media?parent=7525"}],"wp:term":[{"taxonomy":"product_brand","embeddable":true,"href":"https:\/\/papiret.no\/en\/wp-json\/wp\/v2\/product_brand?post=7525"},{"taxonomy":"product_cat","embeddable":true,"href":"https:\/\/papiret.no\/en\/wp-json\/wp\/v2\/product_cat?post=7525"},{"taxonomy":"product_tag","embeddable":true,"href":"https:\/\/papiret.no\/en\/wp-json\/wp\/v2\/product_tag?post=7525"}],"curies":[{"name":"wp","href":"https:\/\/api.w.org\/{rel}","templated":true}]}}