{"id":7210,"date":"2022-04-07T11:10:49","date_gmt":"2022-04-07T11:10:49","guid":{"rendered":"https:\/\/papiret.no\/?post_type=product&#038;p=7210"},"modified":"2025-12-20T22:33:04","modified_gmt":"2025-12-20T22:33:04","slug":"bjorn-engo","status":"publish","type":"product","link":"https:\/\/papiret.no\/en\/product\/bjorn-engo\/","title":{"rendered":"Bj\u00f8rn Eng\u00f8"},"content":{"rendered":"","protected":false},"excerpt":{"rendered":"<p>In the 1950s, Bj\u00f8rn Eng\u00f8 was one of Norway\u2019s most prominent industrial designers. He was progressive and had an international mindset. Eng\u00f8 later changed course and began working as a designer craftsman. Given the brevity of the period he worked as a designer, the clarity of focus in his work is impressive. A consistent artistic trajectory can be traced throughout his entire career.<\/p>\n<p>Our publications are bilingual, with all text in both Norwegian and English.<\/p>\n<p>Author Mats Linder<\/p>","protected":false},"featured_media":8336,"template":"","meta":{"_acf_changed":false},"product_brand":[],"product_cat":[77],"product_tag":[69,72,70,71,85,84],"class_list":{"0":"post-7210","1":"product","2":"type-product","3":"status-publish","4":"has-post-thumbnail","6":"product_cat-produktdesign","7":"product_tag-bok","8":"product_tag-book","9":"product_tag-books","10":"product_tag-boker","11":"product_tag-product-design","12":"product_tag-produktdesign","14":"first","15":"instock","16":"taxable","17":"shipping-taxable","18":"purchasable","19":"product-type-simple"},"bundled_by":["8810","8848","9136"],"bundle_stock_status":"instock","bundle_stock_quantity":null,"bundle_virtual":false,"bundle_layout":"","bundle_add_to_cart_form_location":"","bundle_editable_in_cart":false,"bundle_sold_individually_context":"","bundle_item_grouping":"","bundle_min_size":"","bundle_max_size":"","bundled_items":[],"bundle_sell_ids":[],"acf":[],"_links":{"self":[{"href":"https:\/\/papiret.no\/en\/wp-json\/wp\/v2\/product\/7210","targetHints":{"allow":["GET"]}}],"collection":[{"href":"https:\/\/papiret.no\/en\/wp-json\/wp\/v2\/product"}],"about":[{"href":"https:\/\/papiret.no\/en\/wp-json\/wp\/v2\/types\/product"}],"wp:featuredmedia":[{"embeddable":true,"href":"https:\/\/papiret.no\/en\/wp-json\/wp\/v2\/media\/8336"}],"wp:attachment":[{"href":"https:\/\/papiret.no\/en\/wp-json\/wp\/v2\/media?parent=7210"}],"wp:term":[{"taxonomy":"product_brand","embeddable":true,"href":"https:\/\/papiret.no\/en\/wp-json\/wp\/v2\/product_brand?post=7210"},{"taxonomy":"product_cat","embeddable":true,"href":"https:\/\/papiret.no\/en\/wp-json\/wp\/v2\/product_cat?post=7210"},{"taxonomy":"product_tag","embeddable":true,"href":"https:\/\/papiret.no\/en\/wp-json\/wp\/v2\/product_tag?post=7210"}],"curies":[{"name":"wp","href":"https:\/\/api.w.org\/{rel}","templated":true}]}}