{"id":7990,"date":"2022-11-15T22:26:48","date_gmt":"2022-11-15T22:26:48","guid":{"rendered":"http:\/\/papiret.no\/?page_id=7990"},"modified":"2022-11-18T11:53:10","modified_gmt":"2022-11-18T11:53:10","slug":"samfunnsansvar","status":"publish","type":"page","link":"https:\/\/papiret.no\/en\/samfunnsansvar\/","title":{"rendered":"Social responsibility"},"content":{"rendered":"<div data-elementor-type=\"wp-page\" data-elementor-id=\"7990\" class=\"elementor elementor-7990\" data-elementor-post-type=\"page\">\n\t\t\t\t\t\t<section class=\"elementor-section elementor-top-section elementor-element elementor-element-d876661 elementor-section-boxed elementor-section-height-default elementor-section-height-default\" data-id=\"d876661\" data-element_type=\"section\" data-e-type=\"section\">\n\t\t\t\t\t\t<div class=\"elementor-container elementor-column-gap-default\">\n\t\t\t\t\t<div class=\"elementor-column elementor-col-100 elementor-top-column elementor-element elementor-element-8fe9c8b\" data-id=\"8fe9c8b\" data-element_type=\"column\" data-e-type=\"column\">\n\t\t\t<div class=\"elementor-widget-wrap elementor-element-populated\">\n\t\t\t\t\t\t<div class=\"elementor-element elementor-element-f4dca40 elementor-widget elementor-widget-text-editor\" data-id=\"f4dca40\" data-element_type=\"widget\" data-e-type=\"widget\" data-widget_type=\"text-editor.default\">\n\t\t\t\t<div class=\"elementor-widget-container\">\n\t\t\t\t\t\t\t\t\t<p>Social responsibility<\/p>\t\t\t\t\t\t\t\t<\/div>\n\t\t\t\t<\/div>\n\t\t\t\t<div class=\"elementor-element elementor-element-3af50c9 elementor-widget elementor-widget-text-editor\" data-id=\"3af50c9\" data-element_type=\"widget\" data-e-type=\"widget\" data-widget_type=\"text-editor.default\">\n\t\t\t\t<div class=\"elementor-widget-container\">\n\t\t\t\t\t\t\t\t\t<p>B\u00e6rekraftig produksjon \u2014 kortreist og lettlest<\/p>\t\t\t\t\t\t\t\t<\/div>\n\t\t\t\t<\/div>\n\t\t\t\t<div class=\"elementor-element elementor-element-ad26148 elementor-widget elementor-widget-text-editor\" data-id=\"ad26148\" data-element_type=\"widget\" data-e-type=\"widget\" data-widget_type=\"text-editor.default\">\n\t\t\t\t<div class=\"elementor-widget-container\">\n\t\t\t\t\t\t\t\t\t<p>Det er viktig for Papiret at produksjonen er s\u00e5 b\u00e6rekraftig\u00a0som mulig og derfor er hele bokproduksjonen gjort lokalt. Dette er vi veldig stolte av. En bevisstgj\u00f8ring av v\u00e5r norske kulturarv, inneb\u00e6rer selvsagt at vi har et ansvar for\u00a0\u00e5 bidra til at h\u00e5ndverksbedrifter som trykkerier og bokbindere fortsatt har\u00a0mulighet til \u00e5 livn\u00e6re seg i Norge.<\/p><p>Vi mener en tydeligere eksponering av norske kvalitetsprodukter vil skape begeistring og potensielt endre kj\u00f8psvaner, ved en \u00f8kt interessen for gjenbruk av designobjekter. Derfor sikter vi h\u00f8yt og har et langsiktig m\u00e5l om en bokserie som inneholder et bredt spekter av formgivere fra ulike tidsperioder og disipliner.\u00a0<\/p><p>Alt for mange designklassikere havner i dag p\u00e5 dynga, fremfor \u00e5 verdsettes som de kulturskatter de er. Levedyktighet og godt h\u00e5ndverk er f\u00f8rende for produksjonen hos norske h\u00e5ndverksbedrifter, og det er naturlig \u00e5 tydeliggj\u00f8re denne kvaliteten for et utvidet publikum.<\/p>\t\t\t\t\t\t\t\t<\/div>\n\t\t\t\t<\/div>\n\t\t\t\t<div class=\"elementor-element elementor-element-527eb07 elementor-widget elementor-widget-image\" data-id=\"527eb07\" data-element_type=\"widget\" data-e-type=\"widget\" data-widget_type=\"image.default\">\n\t\t\t\t<div class=\"elementor-widget-container\">\n\t\t\t\t\t\t\t\t\t\t\t\t\t\t\t<img fetchpriority=\"high\" decoding=\"async\" width=\"1170\" height=\"830\" src=\"https:\/\/papiret.no\/wp-content\/uploads\/13_NorskDesignKunsthandverk_Studiogeist-e1668772350856-1200x851.jpg\" class=\"attachment-large size-large wp-image-7562\" alt=\"Foto av en stol -designklassiker - i kontainer\" srcset=\"https:\/\/papiret.no\/wp-content\/uploads\/\/13_NorskDesignKunsthandverk_Studiogeist-e1668772350856-1200x851.jpg 1200w, https:\/\/papiret.no\/wp-content\/uploads\/\/13_NorskDesignKunsthandverk_Studiogeist-e1668772350856-600x425.jpg 600w, https:\/\/papiret.no\/wp-content\/uploads\/\/13_NorskDesignKunsthandverk_Studiogeist-e1668772350856-768x545.jpg 768w, https:\/\/papiret.no\/wp-content\/uploads\/\/13_NorskDesignKunsthandverk_Studiogeist-e1668772350856-1536x1089.jpg 1536w, https:\/\/papiret.no\/wp-content\/uploads\/\/13_NorskDesignKunsthandverk_Studiogeist-e1668772350856-990x702.jpg 990w, https:\/\/papiret.no\/wp-content\/uploads\/\/13_NorskDesignKunsthandverk_Studiogeist-e1668772350856-441x313.jpg 441w, https:\/\/papiret.no\/wp-content\/uploads\/\/13_NorskDesignKunsthandverk_Studiogeist-e1668772350856-300x213.jpg 300w, https:\/\/papiret.no\/wp-content\/uploads\/\/13_NorskDesignKunsthandverk_Studiogeist-e1668772350856-800x567.jpg 800w, https:\/\/papiret.no\/wp-content\/uploads\/\/13_NorskDesignKunsthandverk_Studiogeist-e1668772350856-150x106.jpg 150w, https:\/\/papiret.no\/wp-content\/uploads\/\/13_NorskDesignKunsthandverk_Studiogeist-e1668772350856.jpg 1880w\" sizes=\"(max-width: 360px) 147px, (max-width: 1170px) 100vw, 1170px\" \/>\t\t\t\t\t\t\t\t\t\t\t\t\t\t\t<\/div>\n\t\t\t\t<\/div>\n\t\t\t\t\t<\/div>\n\t\t<\/div>\n\t\t\t\t\t<\/div>\n\t\t<\/section>\n\t\t\t\t<\/div>","protected":false},"excerpt":{"rendered":"<p>Samfunnsansvar B\u00e6rekraftig produksjon \u2014 kortreist og lettlest Det er viktig for Papiret at produksjonen er s\u00e5 b\u00e6rekraftig\u00a0som mulig og derfor er hele bokproduksjonen gjort lokalt. Dette er vi veldig stolte av. En bevisstgj\u00f8ring av v\u00e5r norske kulturarv, inneb\u00e6rer selvsagt at vi har et ansvar for\u00a0\u00e5 bidra til at h\u00e5ndverksbedrifter som trykkerier og bokbindere fortsatt har\u00a0mulighet [&hellip;]<\/p>\n","protected":false},"author":3,"featured_media":0,"parent":0,"menu_order":0,"comment_status":"closed","ping_status":"closed","template":"","meta":{"_acf_changed":false,"footnotes":""},"class_list":["post-7990","page","type-page","status-publish","hentry"],"acf":[],"_links":{"self":[{"href":"https:\/\/papiret.no\/en\/wp-json\/wp\/v2\/pages\/7990","targetHints":{"allow":["GET"]}}],"collection":[{"href":"https:\/\/papiret.no\/en\/wp-json\/wp\/v2\/pages"}],"about":[{"href":"https:\/\/papiret.no\/en\/wp-json\/wp\/v2\/types\/page"}],"author":[{"embeddable":true,"href":"https:\/\/papiret.no\/en\/wp-json\/wp\/v2\/users\/3"}],"replies":[{"embeddable":true,"href":"https:\/\/papiret.no\/en\/wp-json\/wp\/v2\/comments?post=7990"}],"version-history":[{"count":40,"href":"https:\/\/papiret.no\/en\/wp-json\/wp\/v2\/pages\/7990\/revisions"}],"predecessor-version":[{"id":8431,"href":"https:\/\/papiret.no\/en\/wp-json\/wp\/v2\/pages\/7990\/revisions\/8431"}],"wp:attachment":[{"href":"https:\/\/papiret.no\/en\/wp-json\/wp\/v2\/media?parent=7990"}],"curies":[{"name":"wp","href":"https:\/\/api.w.org\/{rel}","templated":true}]}}