{"id":7874,"date":"2022-11-15T13:45:09","date_gmt":"2022-11-15T13:45:09","guid":{"rendered":"http:\/\/papiret.no\/?page_id=7874"},"modified":"2025-11-21T12:20:22","modified_gmt":"2025-11-21T12:20:22","slug":"frakt-og-levering","status":"publish","type":"page","link":"https:\/\/papiret.no\/en\/frakt-og-levering\/","title":{"rendered":"Shipping"},"content":{"rendered":"<div data-elementor-type=\"wp-page\" data-elementor-id=\"7874\" class=\"elementor elementor-7874\" data-elementor-post-type=\"page\">\n\t\t\t\t\t\t<section class=\"elementor-section elementor-top-section elementor-element elementor-element-31b0e42 elementor-section-boxed elementor-section-height-default elementor-section-height-default\" data-id=\"31b0e42\" data-element_type=\"section\" data-e-type=\"section\">\n\t\t\t\t\t\t<div class=\"elementor-container elementor-column-gap-default\">\n\t\t\t\t\t<div class=\"elementor-column elementor-col-100 elementor-top-column elementor-element elementor-element-408a866\" data-id=\"408a866\" data-element_type=\"column\" data-e-type=\"column\">\n\t\t\t<div class=\"elementor-widget-wrap elementor-element-populated\">\n\t\t\t\t\t\t<div class=\"elementor-element elementor-element-2ea871e elementor-widget elementor-widget-text-editor\" data-id=\"2ea871e\" data-element_type=\"widget\" data-e-type=\"widget\" data-widget_type=\"text-editor.default\">\n\t\t\t\t<div class=\"elementor-widget-container\">\n\t\t\t\t\t\t\t\t\t<p>Shipping<\/p>\t\t\t\t\t\t\t\t<\/div>\n\t\t\t\t<\/div>\n\t\t\t\t<div class=\"elementor-element elementor-element-d15ae40 elementor-widget elementor-widget-text-editor\" data-id=\"d15ae40\" data-element_type=\"widget\" data-e-type=\"widget\" data-widget_type=\"text-editor.default\">\n\t\t\t\t<div class=\"elementor-widget-container\">\n\t\t\t\t\t\t\t\t\t<p>Papiret forlag benytter frakt og leveringstjenester fra Posten og Bring.<\/p>\t\t\t\t\t\t\t\t<\/div>\n\t\t\t\t<\/div>\n\t\t\t\t\t<\/div>\n\t\t<\/div>\n\t\t\t\t\t<\/div>\n\t\t<\/section>\n\t\t\t\t<section class=\"elementor-section elementor-top-section elementor-element elementor-element-f359c7c elementor-section-boxed elementor-section-height-default elementor-section-height-default\" data-id=\"f359c7c\" data-element_type=\"section\" data-e-type=\"section\">\n\t\t\t\t\t\t<div class=\"elementor-container elementor-column-gap-default\">\n\t\t\t\t\t<div class=\"elementor-column elementor-col-100 elementor-top-column elementor-element elementor-element-e9ebc88\" data-id=\"e9ebc88\" data-element_type=\"column\" data-e-type=\"column\">\n\t\t\t<div class=\"elementor-widget-wrap elementor-element-populated\">\n\t\t\t\t\t\t<div class=\"elementor-element elementor-element-b1cbe36 elementor-widget elementor-widget-text-editor\" data-id=\"b1cbe36\" data-element_type=\"widget\" data-e-type=\"widget\" data-widget_type=\"text-editor.default\">\n\t\t\t\t<div class=\"elementor-widget-container\">\n\t\t\t\t\t\t\t\t\t<p>Delivery time<\/p>\t\t\t\t\t\t\t\t<\/div>\n\t\t\t\t<\/div>\n\t\t\t\t<div class=\"elementor-element elementor-element-d7289ef elementor-widget elementor-widget-text-editor\" data-id=\"d7289ef\" data-element_type=\"widget\" data-e-type=\"widget\" data-widget_type=\"text-editor.default\">\n\t\t\t\t<div class=\"elementor-widget-container\">\n\t\t\t\t\t\t\t\t\t<p>De fleste varer sendes fra oss innen 1-2 virkedager.\u00a0Leveringstid hos Posten\/Bring kommer i tillegg.<\/p><ul><li>Addresses in the northernmost counties in Norway will have the longest delivery time. We cannot guarantee that all goods will arrive within the stated delivery times. Stated delivery time is estimated delivery time.<\/li><li>Forh\u00e5ndsbestilte varer: se forventet utgivelsesdato under kj\u00f8peknappen p\u00e5 produktsiden. Varene sendes fra oss etter at de er utgitt og ankommet v\u00e5rt lager.\u00a0<\/li><\/ul>\t\t\t\t\t\t\t\t<\/div>\n\t\t\t\t<\/div>\n\t\t\t\t\t<\/div>\n\t\t<\/div>\n\t\t\t\t\t<\/div>\n\t\t<\/section>\n\t\t\t\t<\/div>","protected":false},"excerpt":{"rendered":"<p>Frakt og levering Papiret forlag benytter frakt og leveringstjenester fra Posten og Bring. Leveringstid De fleste varer sendes fra oss innen 1-2 virkedager.\u00a0Leveringstid hos Posten\/Bring kommer i tillegg. Adresser i de nordligste fylkene i Norge vil ha lengst leveringstid. Vi kan ikke garantere at alle varer kommer frem innen de angitte leveringstidene. Oppgitt leveringstid er [&hellip;]<\/p>\n","protected":false},"author":3,"featured_media":0,"parent":0,"menu_order":0,"comment_status":"closed","ping_status":"closed","template":"","meta":{"_acf_changed":false,"footnotes":""},"class_list":["post-7874","page","type-page","status-publish","hentry"],"acf":[],"_links":{"self":[{"href":"https:\/\/papiret.no\/en\/wp-json\/wp\/v2\/pages\/7874","targetHints":{"allow":["GET"]}}],"collection":[{"href":"https:\/\/papiret.no\/en\/wp-json\/wp\/v2\/pages"}],"about":[{"href":"https:\/\/papiret.no\/en\/wp-json\/wp\/v2\/types\/page"}],"author":[{"embeddable":true,"href":"https:\/\/papiret.no\/en\/wp-json\/wp\/v2\/users\/3"}],"replies":[{"embeddable":true,"href":"https:\/\/papiret.no\/en\/wp-json\/wp\/v2\/comments?post=7874"}],"version-history":[{"count":34,"href":"https:\/\/papiret.no\/en\/wp-json\/wp\/v2\/pages\/7874\/revisions"}],"predecessor-version":[{"id":10635,"href":"https:\/\/papiret.no\/en\/wp-json\/wp\/v2\/pages\/7874\/revisions\/10635"}],"wp:attachment":[{"href":"https:\/\/papiret.no\/en\/wp-json\/wp\/v2\/media?parent=7874"}],"curies":[{"name":"wp","href":"https:\/\/api.w.org\/{rel}","templated":true}]}}