{"id":7828,"date":"2022-11-15T11:44:16","date_gmt":"2022-11-15T11:44:16","guid":{"rendered":"https:\/\/papiret.no\/?page_id=7828"},"modified":"2023-01-04T12:28:01","modified_gmt":"2023-01-04T12:28:01","slug":"retur-og-bytte-av-varer","status":"publish","type":"page","link":"https:\/\/papiret.no\/en\/retur-og-bytte-av-varer\/","title":{"rendered":"Exchanges"},"content":{"rendered":"\t\t<div data-elementor-type=\"wp-page\" data-elementor-id=\"7828\" class=\"elementor elementor-7828\" data-elementor-post-type=\"page\">\n\t\t\t\t\t\t<section class=\"elementor-section elementor-top-section elementor-element elementor-element-a9036b3 elementor-section-boxed elementor-section-height-default elementor-section-height-default\" data-id=\"a9036b3\" data-element_type=\"section\" data-e-type=\"section\">\n\t\t\t\t\t\t<div class=\"elementor-container elementor-column-gap-default\">\n\t\t\t\t\t<div class=\"elementor-column elementor-col-100 elementor-top-column elementor-element elementor-element-b1a22a2\" data-id=\"b1a22a2\" data-element_type=\"column\" data-e-type=\"column\">\n\t\t\t<div class=\"elementor-widget-wrap elementor-element-populated\">\n\t\t\t\t\t\t<div class=\"elementor-element elementor-element-fa08c2a elementor-widget elementor-widget-text-editor\" data-id=\"fa08c2a\" data-element_type=\"widget\" data-e-type=\"widget\" data-widget_type=\"text-editor.default\">\n\t\t\t\t<div class=\"elementor-widget-container\">\n\t\t\t\t\t\t\t\t\t<p>Vi h\u00e5per selvsagt at du alltid blir forn\u00f8yd med varene du handler hos oss, men skulle du angre p\u00e5 kj\u00f8pet ditt, s\u00e5 ta kontakt med oss p\u00e5 <span style=\"text-decoration: underline;\"><a href=\"mailto:play@studiogeist.no\">play@studiogeist.no<\/a><\/span>.<\/p><p>14 dagers angrerett er gjeldende i henhold til norsk lov <a href=\"https:\/\/lovdata.no\/dokument\/NL\/lov\/2014-06-20-27?q=angrl\"><u>Angrerettloven<\/u><\/a>.<\/p><p>F\u00f8lg instruks under for retur eller reklamasjon. Husk \u00e5 skrive <strong>Retur<\/strong> og <strong>ordrenummer<\/strong> i emnefeltet til e-posten.<\/p><p>\u00a0<\/p>\t\t\t\t\t\t\t\t<\/div>\n\t\t\t\t<\/div>\n\t\t\t\t\t<\/div>\n\t\t<\/div>\n\t\t\t\t\t<\/div>\n\t\t<\/section>\n\t\t\t\t<section class=\"elementor-section elementor-top-section elementor-element elementor-element-6875356 elementor-section-boxed elementor-section-height-default elementor-section-height-default\" data-id=\"6875356\" data-element_type=\"section\" data-e-type=\"section\">\n\t\t\t\t\t\t<div class=\"elementor-container elementor-column-gap-default\">\n\t\t\t\t\t<div class=\"elementor-column elementor-col-100 elementor-top-column elementor-element elementor-element-f47abe4\" data-id=\"f47abe4\" data-element_type=\"column\" data-e-type=\"column\">\n\t\t\t<div class=\"elementor-widget-wrap elementor-element-populated\">\n\t\t\t\t\t\t<div class=\"elementor-element elementor-element-ded047f elementor-widget elementor-widget-text-editor\" data-id=\"ded047f\" data-element_type=\"widget\" data-e-type=\"widget\" data-widget_type=\"text-editor.default\">\n\t\t\t\t<div class=\"elementor-widget-container\">\n\t\t\t\t\t\t\t\t\t<p>Reklamasjon<\/p>\t\t\t\t\t\t\t\t<\/div>\n\t\t\t\t<\/div>\n\t\t\t\t\t<\/div>\n\t\t<\/div>\n\t\t\t\t\t<\/div>\n\t\t<\/section>\n\t\t\t\t<section class=\"elementor-section elementor-top-section elementor-element elementor-element-080a852 elementor-section-boxed elementor-section-height-default elementor-section-height-default\" data-id=\"080a852\" data-element_type=\"section\" data-e-type=\"section\">\n\t\t\t\t\t\t<div class=\"elementor-container elementor-column-gap-default\">\n\t\t\t\t\t<div class=\"elementor-column elementor-col-100 elementor-top-column elementor-element elementor-element-148bd75\" data-id=\"148bd75\" data-element_type=\"column\" data-e-type=\"column\">\n\t\t\t<div class=\"elementor-widget-wrap elementor-element-populated\">\n\t\t\t\t\t\t<div class=\"elementor-element elementor-element-24421ea elementor-widget elementor-widget-text-editor\" data-id=\"24421ea\" data-element_type=\"widget\" data-e-type=\"widget\" data-widget_type=\"text-editor.default\">\n\t\t\t\t<div class=\"elementor-widget-container\">\n\t\t\t\t\t\t\t\t\t<p>Varene du mottar, skal selvsagt v\u00e6re feilfrie. Om det er feil p\u00e5 en vare, ta kontakt med <span style=\"text-decoration: underline;\"><a href=\"mailto:play@studiogeist.no\">plya@studiogeist.no<\/a><\/span> innen rimelig tid, aller senest innen 14 dager etter at du mottatt varen. Send varen tilbake i den tilstand du mottok den, sammen med en skade- eller feilmelding, s\u00e5 f\u00e5r du en feilfri tilsvarende vare. Dersom en vare er feillevert skal den v\u00e6re i ubrukt og uskadet tilstand i originalforpakningen.<\/p>\t\t\t\t\t\t\t\t<\/div>\n\t\t\t\t<\/div>\n\t\t\t\t<div class=\"elementor-element elementor-element-a9feaca elementor-widget elementor-widget-heading\" data-id=\"a9feaca\" data-element_type=\"widget\" data-e-type=\"widget\" data-widget_type=\"heading.default\">\n\t\t\t\t<div class=\"elementor-widget-container\">\n\t\t\t\t\t<h2 class=\"elementor-heading-title elementor-size-default\">Returner varen sammen med angrerettsskjema. Skriv retur\u00e5rsaken p\u00e5 skjemaet. <\/h2>\t\t\t\t<\/div>\n\t\t\t\t<\/div>\n\t\t\t\t<div class=\"elementor-element elementor-element-42e6ed0 elementor-widget elementor-widget-heading\" data-id=\"42e6ed0\" data-element_type=\"widget\" data-e-type=\"widget\" data-widget_type=\"heading.default\">\n\t\t\t\t<div class=\"elementor-widget-container\">\n\t\t\t\t\t<h2 class=\"elementor-heading-title elementor-size-default\"><a href=\"http:\/\/[download%20id=8195]\" target=\"_blank\" rel=\"nofollow\"><u>Last ned angrerettskjema her.<\/u><\/a><\/h2>\t\t\t\t<\/div>\n\t\t\t\t<\/div>\n\t\t\t\t<div class=\"elementor-element elementor-element-7d451f0 elementor-widget elementor-widget-text-editor\" data-id=\"7d451f0\" data-element_type=\"widget\" data-e-type=\"widget\" data-widget_type=\"text-editor.default\">\n\t\t\t\t<div class=\"elementor-widget-container\">\n\t\t\t\t\t\t\t\t\t<p><span style=\"color: var(--dark);\"><br \/>OBS! F\u00f8r du returnerer en defekt\/feillevert vare m\u00e5 du kontakte <\/span><span style=\"background-color: #f2f0e9; text-decoration-line: underline;\"><a href=\"mailto:play@studiogeist.no\">play@studiogeist.no<\/a><\/span><span style=\"color: var(--dark);\"> for \u00e5 f\u00e5 reklamasjonen godkjent og returporto betalt.<\/span><\/p>\t\t\t\t\t\t\t\t<\/div>\n\t\t\t\t<\/div>\n\t\t\t\t\t<\/div>\n\t\t<\/div>\n\t\t\t\t\t<\/div>\n\t\t<\/section>\n\t\t\t\t<section class=\"elementor-section elementor-top-section elementor-element elementor-element-2ac1883 elementor-section-boxed elementor-section-height-default elementor-section-height-default\" data-id=\"2ac1883\" data-element_type=\"section\" data-e-type=\"section\">\n\t\t\t\t\t\t<div class=\"elementor-container elementor-column-gap-default\">\n\t\t\t\t\t<div class=\"elementor-column elementor-col-100 elementor-top-column elementor-element elementor-element-6435509\" data-id=\"6435509\" data-element_type=\"column\" data-e-type=\"column\">\n\t\t\t<div class=\"elementor-widget-wrap elementor-element-populated\">\n\t\t\t\t\t\t<div class=\"elementor-element elementor-element-807f987 elementor-widget elementor-widget-text-editor\" data-id=\"807f987\" data-element_type=\"widget\" data-e-type=\"widget\" data-widget_type=\"text-editor.default\">\n\t\t\t\t<div class=\"elementor-widget-container\">\n\t\t\t\t\t\t\t\t\t<p>Retur<\/p>\t\t\t\t\t\t\t\t<\/div>\n\t\t\t\t<\/div>\n\t\t\t\t<div class=\"elementor-element elementor-element-4db98ab elementor-widget elementor-widget-text-editor\" data-id=\"4db98ab\" data-element_type=\"widget\" data-e-type=\"widget\" data-widget_type=\"text-editor.default\">\n\t\t\t\t<div class=\"elementor-widget-container\">\n\t\t\t\t\t\t\t\t\t<p class=\"intro\">Melding om retur skal sendes kundeservice p\u00e5 <span style=\"text-decoration: underline;\"><a href=\"mailto:play@studiogeist.no\">play@studiogeist.no<\/a><\/span> umiddelbart ved mottak av varen, og senest innen 14 dager etter levering. Kontakt alltid v\u00e5r kundeservice og avvent videre instruksjoner f\u00f8r du returnerer varen. Dersom varen er tatt i bruk, som din egen, kan ikke angreretten gj\u00f8res gjeldende. <a href=\"http:\/\/papiret.no\/wp-content\/uploads\/Angrerettskjema_Papiret.pdf\"><span style=\"text-decoration: underline;\">Last ned angrerettskjema her<\/span><\/a>.<\/p><p class=\"intro\">Meldingen skal inneholde f\u00f8lgende informasjon:<\/p><ul><li>Ordrenummer (fra ordrebekreftelsen du fikk p\u00e5 e-post)<\/li><li>Tittel p\u00e5 de produktene du \u00f8nsker \u00e5 returnere.\u00a0<\/li><\/ul><p>Varene som returnerte skal v\u00e6re i ubrukt og uskadet tilstand i originalforpakningen. Returner varen sammen med angrerettskjema med informasjon om ordrenummer og kundenummer til adressen p\u00e5 angrerettskjemaet. Du m\u00e5 selv bekoste returporto. Retur kan ikke skje som oppkrav eller etterkrav.<\/p>\t\t\t\t\t\t\t\t<\/div>\n\t\t\t\t<\/div>\n\t\t\t\t\t<\/div>\n\t\t<\/div>\n\t\t\t\t\t<\/div>\n\t\t<\/section>\n\t\t\t\t<\/div>\n\t\t","protected":false},"excerpt":{"rendered":"<p>Vi h\u00e5per selvsagt at du alltid blir forn\u00f8yd med varene du handler hos oss, men skulle du angre p\u00e5 kj\u00f8pet ditt, s\u00e5 ta kontakt med oss p\u00e5 play@studiogeist.no. 14 dagers angrerett er gjeldende i henhold til norsk lov Angrerettloven. F\u00f8lg instruks under for retur eller reklamasjon. Husk \u00e5 skrive Retur og ordrenummer i emnefeltet til [&hellip;]<\/p>\n","protected":false},"author":3,"featured_media":0,"parent":0,"menu_order":0,"comment_status":"closed","ping_status":"closed","template":"","meta":{"_acf_changed":false,"footnotes":""},"class_list":["post-7828","page","type-page","status-publish","hentry"],"acf":[],"_links":{"self":[{"href":"https:\/\/papiret.no\/en\/wp-json\/wp\/v2\/pages\/7828","targetHints":{"allow":["GET"]}}],"collection":[{"href":"https:\/\/papiret.no\/en\/wp-json\/wp\/v2\/pages"}],"about":[{"href":"https:\/\/papiret.no\/en\/wp-json\/wp\/v2\/types\/page"}],"author":[{"embeddable":true,"href":"https:\/\/papiret.no\/en\/wp-json\/wp\/v2\/users\/3"}],"replies":[{"embeddable":true,"href":"https:\/\/papiret.no\/en\/wp-json\/wp\/v2\/comments?post=7828"}],"version-history":[{"count":82,"href":"https:\/\/papiret.no\/en\/wp-json\/wp\/v2\/pages\/7828\/revisions"}],"predecessor-version":[{"id":8832,"href":"https:\/\/papiret.no\/en\/wp-json\/wp\/v2\/pages\/7828\/revisions\/8832"}],"wp:attachment":[{"href":"https:\/\/papiret.no\/en\/wp-json\/wp\/v2\/media?parent=7828"}],"curies":[{"name":"wp","href":"https:\/\/api.w.org\/{rel}","templated":true}]}}