{"id":7623,"date":"2022-11-10T12:45:12","date_gmt":"2022-11-10T12:45:12","guid":{"rendered":"https:\/\/papiret.no\/?page_id=7623"},"modified":"2025-06-10T12:18:53","modified_gmt":"2025-06-10T12:18:53","slug":"om-oss","status":"publish","type":"page","link":"https:\/\/papiret.no\/en\/om-oss\/","title":{"rendered":"About us"},"content":{"rendered":"<div data-elementor-type=\"wp-page\" data-elementor-id=\"7623\" class=\"elementor elementor-7623\" data-elementor-post-type=\"page\">\n\t\t\t\t<div class=\"elementor-element elementor-element-2fe25de e-con-full e-flex e-con e-parent\" data-id=\"2fe25de\" data-element_type=\"container\" data-e-type=\"container\" data-settings=\"{&quot;background_background&quot;:&quot;classic&quot;}\">\n\t\t<div class=\"elementor-element elementor-element-2661973 e-con-full e-flex e-con e-child\" data-id=\"2661973\" data-element_type=\"container\" data-e-type=\"container\">\n\t\t\t\t<div class=\"elementor-element elementor-element-0e37fa0 elementor-widget__width-inherit elementor-widget-divider--view-line elementor-widget elementor-widget-divider\" data-id=\"0e37fa0\" data-element_type=\"widget\" data-e-type=\"widget\" data-settings=\"{&quot;_animation&quot;:&quot;none&quot;}\" data-widget_type=\"divider.default\">\n\t\t\t\t<div class=\"elementor-widget-container\">\n\t\t\t\t\t\t\t<div class=\"elementor-divider\">\n\t\t\t<span class=\"elementor-divider-separator\">\n\t\t\t\t\t\t<\/span>\n\t\t<\/div>\n\t\t\t\t\t\t<\/div>\n\t\t\t\t<\/div>\n\t\t<div class=\"elementor-element elementor-element-21cfd5d e-con-full e-flex e-con e-child\" data-id=\"21cfd5d\" data-element_type=\"container\" data-e-type=\"container\">\n\t\t\t\t<div class=\"elementor-element elementor-element-838ebd5 elementor-widget__width-initial elementor-widget-tablet__width-inherit elementor-widget elementor-widget-heading\" data-id=\"838ebd5\" data-element_type=\"widget\" data-e-type=\"widget\" data-widget_type=\"heading.default\">\n\t\t\t\t<div class=\"elementor-widget-container\">\n\t\t\t\t\t<h1 class=\"elementor-heading-title elementor-size-default\">Papiret forlag<\/h1>\t\t\t\t<\/div>\n\t\t\t\t<\/div>\n\t\t\t\t<\/div>\n\t\t\t\t<div class=\"elementor-element elementor-element-7ca4680 elementor-widget elementor-widget-image\" data-id=\"7ca4680\" data-element_type=\"widget\" data-e-type=\"widget\" data-widget_type=\"image.default\">\n\t\t\t\t<div class=\"elementor-widget-container\">\n\t\t\t\t\t\t\t\t\t\t\t\t\t\t\t<img fetchpriority=\"high\" decoding=\"async\" width=\"600\" height=\"419\" src=\"https:\/\/papiret.no\/wp-content\/uploads\/08_NorskDesignKunsthandverk_Studiogeist-600x419.jpg\" class=\"attachment-medium size-medium wp-image-7557\" alt=\"Foto av bok uten omslag\" srcset=\"https:\/\/papiret.no\/wp-content\/uploads\/\/08_NorskDesignKunsthandverk_Studiogeist-600x419.jpg 600w, https:\/\/papiret.no\/wp-content\/uploads\/\/08_NorskDesignKunsthandverk_Studiogeist-1200x838.jpg 1200w, https:\/\/papiret.no\/wp-content\/uploads\/\/08_NorskDesignKunsthandverk_Studiogeist-768x536.jpg 768w, https:\/\/papiret.no\/wp-content\/uploads\/\/08_NorskDesignKunsthandverk_Studiogeist-1536x1073.jpg 1536w, https:\/\/papiret.no\/wp-content\/uploads\/\/08_NorskDesignKunsthandverk_Studiogeist-990x692.jpg 990w, https:\/\/papiret.no\/wp-content\/uploads\/\/08_NorskDesignKunsthandverk_Studiogeist-441x308.jpg 441w, https:\/\/papiret.no\/wp-content\/uploads\/\/08_NorskDesignKunsthandverk_Studiogeist-300x210.jpg 300w, https:\/\/papiret.no\/wp-content\/uploads\/\/08_NorskDesignKunsthandverk_Studiogeist-800x559.jpg 800w, https:\/\/papiret.no\/wp-content\/uploads\/\/08_NorskDesignKunsthandverk_Studiogeist-150x105.jpg 150w, https:\/\/papiret.no\/wp-content\/uploads\/\/08_NorskDesignKunsthandverk_Studiogeist.jpg 2000w\" sizes=\"(max-width: 360px) 147px, (max-width: 600px) 100vw, 600px\" \/>\t\t\t\t\t\t\t\t\t\t\t\t\t\t\t<\/div>\n\t\t\t\t<\/div>\n\t\t\t\t<div class=\"elementor-element elementor-element-373ecf7 elementor-widget__width-initial elementor-widget-tablet__width-inherit elementor-widget elementor-widget-text-editor\" data-id=\"373ecf7\" data-element_type=\"widget\" data-e-type=\"widget\" data-widget_type=\"text-editor.default\">\n\t\t\t\t<div class=\"elementor-widget-container\">\n\t\t\t\t\t\t\t\t\t<p>Norway has several established designers and designers who are not widely known. With the book series NORSK DESIGN OG KUNSTH\u00c5NDVERK, the publisher Papiret wants to introduce our Norwegian designers' life and artisanship. Through this series format, we encourage you to get to know designers other than those you already know. The idea for the series arose in the meeting between Mats Linder and Studiogeist, together we want to highlight our cultural heritage and history in an easily comprehensible format. Hope you find as much joy in these design treasures as we do.<\/p><p>The book series has been awarded gold in following awards:<\/p><p><img decoding=\"async\" class=\"alignnone wp-image-7772\" src=\"http:\/\/papiret.no\/wp-content\/uploads\/priser_Papiretforlag.png\" alt=\"Logo av Awards Papiret forlag har mottatt\" width=\"148\" height=\"78\" srcset=\"https:\/\/papiret.no\/wp-content\/uploads\/\/priser_Papiretforlag.png 361w, https:\/\/papiret.no\/wp-content\/uploads\/\/priser_Papiretforlag-300x158.png 300w, https:\/\/papiret.no\/wp-content\/uploads\/\/priser_Papiretforlag-150x79.png 150w\" sizes=\"(max-width: 148px) 100vw, 148px\" \/><\/p>\t\t\t\t\t\t\t\t<\/div>\n\t\t\t\t<\/div>\n\t\t\t\t<\/div>\n\t\t\t\t<\/div>\n\t\t<div class=\"elementor-element elementor-element-a944268 e-con-full e-flex e-con e-parent\" data-id=\"a944268\" data-element_type=\"container\" data-e-type=\"container\" data-settings=\"{&quot;background_background&quot;:&quot;classic&quot;}\">\n\t\t<div class=\"elementor-element elementor-element-efc5783 e-con-full e-flex e-con e-child\" data-id=\"efc5783\" data-element_type=\"container\" data-e-type=\"container\">\n\t\t<div class=\"elementor-element elementor-element-620db60 e-con-full e-flex e-con e-child\" data-id=\"620db60\" data-element_type=\"container\" data-e-type=\"container\">\n\t\t\t\t<div class=\"elementor-element elementor-element-4720435 elementor-widget__width-initial elementor-widget-tablet__width-inherit elementor-widget elementor-widget-heading\" data-id=\"4720435\" data-element_type=\"widget\" data-e-type=\"widget\" data-widget_type=\"heading.default\">\n\t\t\t\t<div class=\"elementor-widget-container\">\n\t\t\t\t\t<h2 class=\"elementor-heading-title elementor-size-default\">Contributors<\/h2>\t\t\t\t<\/div>\n\t\t\t\t<\/div>\n\t\t\t\t<\/div>\n\t\t\t\t<div class=\"elementor-element elementor-element-ff06188 elementor-widget__width-initial elementor-widget-tablet__width-inherit elementor-widget elementor-widget-text-editor\" data-id=\"ff06188\" data-element_type=\"widget\" data-e-type=\"widget\" data-widget_type=\"text-editor.default\">\n\t\t\t\t<div class=\"elementor-widget-container\">\n\t\t\t\t\t\t\t\t\t<h2>Mats Linder<\/h2><p>Mats Linder har i tre ti\u00e5r forsket p\u00e5 design og kunsth\u00e5ndverk fra de skandinaviske land \u2013 Scandinavian Design. Siden \u00e5r 2000 har han utgitt flere b\u00f8ker og skrevet hundrevis av fagartikler. I 2016 lanserte han nettsiden <span style=\"text-decoration: underline;\"><a href=\"http:\/\/www.matslinder.no\">matslinder.no<\/a><\/span> and became topic manager for <span style=\"text-decoration: underline;\"><a href=\"https:\/\/snl.no\">Store norske leksikon<\/a><\/span>. A goal for Linder with this book series is to raise interest and knowledge about design from Norway.<\/p>\t\t\t\t\t\t\t\t<\/div>\n\t\t\t\t<\/div>\n\t\t\t\t<div class=\"elementor-element elementor-element-a1a37b6 elementor-widget elementor-widget-image\" data-id=\"a1a37b6\" data-element_type=\"widget\" data-e-type=\"widget\" data-widget_type=\"image.default\">\n\t\t\t\t<div class=\"elementor-widget-container\">\n\t\t\t\t\t\t\t\t\t\t\t\t\t\t\t<img decoding=\"async\" width=\"600\" height=\"400\" src=\"https:\/\/papiret.no\/wp-content\/uploads\/03_NorskDesignKunsthandverk_Studiogeist-600x400.jpg\" class=\"attachment-medium size-medium wp-image-7552\" alt=\"Foto av Mats Linder bak skrivebordet sitt, og foran fulle bokhyller\" srcset=\"https:\/\/papiret.no\/wp-content\/uploads\/\/03_NorskDesignKunsthandverk_Studiogeist-600x400.jpg 600w, https:\/\/papiret.no\/wp-content\/uploads\/\/03_NorskDesignKunsthandverk_Studiogeist-1200x800.jpg 1200w, https:\/\/papiret.no\/wp-content\/uploads\/\/03_NorskDesignKunsthandverk_Studiogeist-768x512.jpg 768w, https:\/\/papiret.no\/wp-content\/uploads\/\/03_NorskDesignKunsthandverk_Studiogeist-1536x1024.jpg 1536w, https:\/\/papiret.no\/wp-content\/uploads\/\/03_NorskDesignKunsthandverk_Studiogeist-990x660.jpg 990w, https:\/\/papiret.no\/wp-content\/uploads\/\/03_NorskDesignKunsthandverk_Studiogeist-441x294.jpg 441w, https:\/\/papiret.no\/wp-content\/uploads\/\/03_NorskDesignKunsthandverk_Studiogeist-300x200.jpg 300w, https:\/\/papiret.no\/wp-content\/uploads\/\/03_NorskDesignKunsthandverk_Studiogeist-800x533.jpg 800w, https:\/\/papiret.no\/wp-content\/uploads\/\/03_NorskDesignKunsthandverk_Studiogeist-150x100.jpg 150w, https:\/\/papiret.no\/wp-content\/uploads\/\/03_NorskDesignKunsthandverk_Studiogeist.jpg 2000w\" sizes=\"(max-width: 360px) 147px, (max-width: 600px) 100vw, 600px\" \/>\t\t\t\t\t\t\t\t\t\t\t\t\t\t\t<\/div>\n\t\t\t\t<\/div>\n\t\t\t\t<\/div>\n\t\t\t\t<\/div>\n\t\t<div class=\"elementor-element elementor-element-2ba57fb e-con-full e-flex e-con e-parent\" data-id=\"2ba57fb\" data-element_type=\"container\" data-e-type=\"container\" data-settings=\"{&quot;background_background&quot;:&quot;classic&quot;}\">\n\t\t<div class=\"elementor-element elementor-element-e091e79 e-con-full e-flex e-con e-child\" data-id=\"e091e79\" data-element_type=\"container\" data-e-type=\"container\">\n\t\t\t\t<div class=\"elementor-element elementor-element-9f29202 elementor-widget elementor-widget-image\" data-id=\"9f29202\" data-element_type=\"widget\" data-e-type=\"widget\" data-widget_type=\"image.default\">\n\t\t\t\t<div class=\"elementor-widget-container\">\n\t\t\t\t\t\t\t\t\t\t\t\t\t\t\t<img loading=\"lazy\" decoding=\"async\" width=\"428\" height=\"600\" src=\"https:\/\/papiret.no\/wp-content\/uploads\/277A0221_1-428x600.jpg\" class=\"attachment-medium size-medium wp-image-8813\" alt=\"Mann og kvinne st\u00e5r rundt et bord og diskuterer skisser som ligger p\u00e5 bordet\" srcset=\"https:\/\/papiret.no\/wp-content\/uploads\/\/277A0221_1-428x600.jpg 428w, https:\/\/papiret.no\/wp-content\/uploads\/\/277A0221_1-857x1200.jpg 857w, https:\/\/papiret.no\/wp-content\/uploads\/\/277A0221_1-768x1076.jpg 768w, https:\/\/papiret.no\/wp-content\/uploads\/\/277A0221_1-9x12.jpg 9w, https:\/\/papiret.no\/wp-content\/uploads\/\/277A0221_1-990x1386.jpg 990w, https:\/\/papiret.no\/wp-content\/uploads\/\/277A0221_1-441x618.jpg 441w, https:\/\/papiret.no\/wp-content\/uploads\/\/277A0221_1-300x420.jpg 300w, https:\/\/papiret.no\/wp-content\/uploads\/\/277A0221_1-800x1120.jpg 800w, https:\/\/papiret.no\/wp-content\/uploads\/\/277A0221_1-150x210.jpg 150w, https:\/\/papiret.no\/wp-content\/uploads\/\/277A0221_1.jpg 1024w\" sizes=\"(max-width: 360px) 147px, (max-width: 428px) 100vw, 428px\" \/>\t\t\t\t\t\t\t\t\t\t\t\t\t\t\t<\/div>\n\t\t\t\t<\/div>\n\t\t\t\t<div class=\"elementor-element elementor-element-735c3a9 elementor-widget__width-initial elementor-widget-tablet__width-inherit elementor-widget elementor-widget-text-editor\" data-id=\"735c3a9\" data-element_type=\"widget\" data-e-type=\"widget\" data-widget_type=\"text-editor.default\">\n\t\t\t\t<div class=\"elementor-widget-container\">\n\t\t\t\t\t\t\t\t\t<h2>Studiogeist<\/h2><p>Behind the publishing house is STUDIOGEIST \u2014 an independent and award-winning design studio that works with identity, branding and storytelling. The book series is our contribution to highlighting the country's rich cultural history.<\/p><p><a href=\"http:\/\/www.studiogeist.no\"><span style=\"text-decoration: underline;\">studiogeist.no<\/span><\/a><\/p>\t\t\t\t\t\t\t\t<\/div>\n\t\t\t\t<\/div>\n\t\t\t\t<\/div>\n\t\t\t\t<\/div>\n\t\t\t\t<\/div>","protected":false},"excerpt":{"rendered":"<p>Om Papiret forlag Norge har en rekke etablerte designere og formgivere som ikke er allment kjent. Med bokserien NORSK DESIGN OG KUNSTH\u00c5NDVERK \u00f8nsker forlaget Papiret \u00e5 gi en introduksjon til v\u00e5re norske formgiveres virke og mest kjente arbeider. Gjennom dette serieformatet oppfordrer vi deg til \u00e5 bli kjent med andre formgivere enn de du allerede [&hellip;]<\/p>\n","protected":false},"author":2,"featured_media":0,"parent":0,"menu_order":0,"comment_status":"closed","ping_status":"closed","template":"elementor_header_footer","meta":{"_acf_changed":false,"footnotes":""},"class_list":["post-7623","page","type-page","status-publish","hentry"],"acf":[],"_links":{"self":[{"href":"https:\/\/papiret.no\/en\/wp-json\/wp\/v2\/pages\/7623","targetHints":{"allow":["GET"]}}],"collection":[{"href":"https:\/\/papiret.no\/en\/wp-json\/wp\/v2\/pages"}],"about":[{"href":"https:\/\/papiret.no\/en\/wp-json\/wp\/v2\/types\/page"}],"author":[{"embeddable":true,"href":"https:\/\/papiret.no\/en\/wp-json\/wp\/v2\/users\/2"}],"replies":[{"embeddable":true,"href":"https:\/\/papiret.no\/en\/wp-json\/wp\/v2\/comments?post=7623"}],"version-history":[{"count":118,"href":"https:\/\/papiret.no\/en\/wp-json\/wp\/v2\/pages\/7623\/revisions"}],"predecessor-version":[{"id":9950,"href":"https:\/\/papiret.no\/en\/wp-json\/wp\/v2\/pages\/7623\/revisions\/9950"}],"wp:attachment":[{"href":"https:\/\/papiret.no\/en\/wp-json\/wp\/v2\/media?parent=7623"}],"curies":[{"name":"wp","href":"https:\/\/api.w.org\/{rel}","templated":true}]}}