{"id":7479,"date":"2022-11-08T08:56:18","date_gmt":"2022-11-08T08:56:18","guid":{"rendered":"https:\/\/papiret.no\/?page_id=7479"},"modified":"2025-10-08T08:15:25","modified_gmt":"2025-10-08T08:15:25","slug":"nyheter","status":"publish","type":"page","link":"https:\/\/papiret.no\/en\/nyheter\/","title":{"rendered":"News"},"content":{"rendered":"<figure class=\"wp-block-image size-large\"><img fetchpriority=\"high\" decoding=\"async\" width=\"1200\" height=\"565\" src=\"https:\/\/papiret.no\/wp-content\/uploads\/Screenshot_17-1200x565.png\" alt=\"\" class=\"wp-image-10513\" srcset=\"https:\/\/papiret.no\/wp-content\/uploads\/Screenshot_17-1200x565.png 1200w, https:\/\/papiret.no\/wp-content\/uploads\/Screenshot_17-600x283.png 600w, https:\/\/papiret.no\/wp-content\/uploads\/Screenshot_17-768x362.png 768w, https:\/\/papiret.no\/wp-content\/uploads\/Screenshot_17-1536x724.png 1536w, https:\/\/papiret.no\/wp-content\/uploads\/Screenshot_17-18x8.png 18w, https:\/\/papiret.no\/wp-content\/uploads\/Screenshot_17-990x466.png 990w, https:\/\/papiret.no\/wp-content\/uploads\/Screenshot_17-441x208.png 441w, https:\/\/papiret.no\/wp-content\/uploads\/Screenshot_17-300x141.png 300w, https:\/\/papiret.no\/wp-content\/uploads\/Screenshot_17-800x377.png 800w, https:\/\/papiret.no\/wp-content\/uploads\/Screenshot_17-150x71.png 150w, https:\/\/papiret.no\/wp-content\/uploads\/Screenshot_17.png 1900w\" sizes=\"(max-width: 1200px) 100vw, 1200px\" \/><\/figure>\n\n\n\n<h2 class=\"wp-block-heading\">Mats Linder p\u00e5 NRK om Glass<\/h2>\n\n\n\n<p><a href=\"https:\/\/tv.nrk.no\/program\/KOID75003625\" data-type=\"link\" data-id=\"https:\/\/tv.nrk.no\/program\/KOID75003625\">Se dokumentaren p\u00e5 NRK her<\/a><\/p>\n\n\n<h2>Utsolgt p\u00e5 rekordtid: Boken om Norsk keramikk<\/h2>\n<p><img decoding=\"async\" title=\"Norsk Keramikk\" src=\"https:\/\/papiret.no\/wp-content\/uploads\/NorskKeramikk_omslag-1-scaled.jpg\" alt=\"Mockup av boken om Norsk Keramikk\" \/><\/p>\n<p class=\"x_MsoNormal\"><b><span data-olk-copy-source=\"MessageBody\">N\u00e6rmere to tonn b\u00f8ker sendt ut p\u00e5 under to m\u00e5neder<\/span><\/b><\/p>\n<p class=\"x_MsoNormal\">Interessen for\u00a0<i>Boken om Norsk keramikk<\/i>\u00a0har v\u00e6rt enorm. Allerede to m\u00e5neder etter lansering er hele f\u00f8rsteopplaget utsolgt \u2013 n\u00e6rmere to tonn b\u00f8ker er sendt ut fra lageret til Papiret til lesere over hele landet.<\/p>\n<p class=\"x_MsoNormal\">\u2013 Responsen har v\u00e6rt helt overveldende, sier forfatter og kunsthistoriker\u00a0<b>Mats Linder<\/b>. \u2013 Vi visste at mange gledet seg, men at boken skulle forsvinne s\u00e5 raskt, er nesten ikke til \u00e5 tro. Det viser at interessen for norsk keramikk og designhistorie st\u00e5r sterkere enn noensinne.<\/p>\n<p class=\"x_MsoNormal\"><b>Et nasjonalt referanseverk<\/b><\/p>\n<p class=\"x_MsoNormal\"><i>Boken om Norsk keramikk<\/i>\u00a0er et omfattende verk p\u00e5 over 500 sider, som for f\u00f8rste gang samler historien om norske keramikere, verksteder og fabrikkproduksjon fra 1900-tallet til i dag. Med hundrevis av bilder og grundige tekster har boken raskt blitt omtalt som et referanseverk for samlere, fagfolk og designinteresserte.<\/p>\n<p class=\"x_MsoNormal\">\u2013 Dette er nok en bok som fyller et tomrom i norsk kulturhistorie, sier Fredrik Temte fra forlaget Papiret. \u2013 At den n\u00e5r ut til s\u00e5 mange, viser at kunnskap og h\u00e5ndverk fortsatt engasjerer \u2013 ogs\u00e5 i en digital tid.<\/p>\n<p class=\"x_MsoNormal\"><b>Ettersp\u00f8rselen kan gi nytt opplag<\/b><\/p>\n<p class=\"x_MsoNormal\">Produksjonen er b\u00e5de kostbar og omfattende. Utgivelsen hadde ikke skjedd uten Kulturr\u00e5det, samt flotte forhandlere som hadde troen p\u00e5 oss, og ikke minst de over 100 kunder som forh\u00e5ndsbestilte boken.<\/p>\n<p class=\"x_MsoNormal\">Et nytt opplag vurderes, men det er ingen enkel beslutning.<\/p>\n<p class=\"x_MsoNormal\">\u2013 Vi ser p\u00e5 mulighetene, men dette er en bok som krever mye ressurser \u00e5 produsere, forklarer Temte. \u2013 Blir ettersp\u00f8rselen stor nok, kan det likevel skje noe neste \u00e5r.<\/p>\n<p class=\"x_MsoNormal\"><b>En seier for norsk kunsth\u00e5ndverk<\/b><\/p>\n<p class=\"x_MsoNormal\">For Linder og Papiret er det raske salget mer enn et salgstall \u2013 det er et tydelig tegn p\u00e5 at norsk kunsth\u00e5ndverk fortsatt engasjerer og inspirerer.<\/p>\n<p class=\"x_MsoNormal\">\u2013 Dette handler om mer enn keramikk, sier Linder. \u2013 Det handler om \u00e5 ta vare p\u00e5 historien v\u00e5r, og om stolthet over norsk formgivning.<\/p>\n\n<h2>Ny utgivelse \u2014 Norsk keramikk<\/h2>\n<p><img decoding=\"async\" title=\"Norsk Keramikk\" src=\"https:\/\/papiret.no\/wp-content\/uploads\/NorskKeramikk_omslag-1-scaled.jpg\" alt=\"Mockup av boken om Norsk Keramikk\" \/><\/p>\n<h3>Boken som samler og l\u00f8fter norsk keramikk<\/h3>\n<p><em>Med denne boken samles endelig hele historien om norsk keramikk mellom to permer, fra 1800-tallet til dagens talentfulle, unge kunstnere. Boken Norsk Keramikk samler, l\u00f8fter og feirer et viktig h\u00e5ndverksfelt, med m\u00e5l om \u00e5 b\u00e5de begeistre og opplyse.<\/em><\/p>\n<p>Dette er sannsynligvis den mest omfattende og helhetlige boken om keramikk som noensinne er publisert i Skandinavia.\u00a0<em>Norsk keramikk<\/em>\u00a0viser hvordan norsk keramikk har utviklet seg fra brukskunst i verksteder i pionertiden p\u00e5 1800-tallet, til frie, kunstneriske uttrykk i v\u00e5r tid.<\/p>\n<p>Bli med p\u00e5 en reise fra Andreas Schneiders verksted i 1895, via keramikkboomen etter krigen, til nybrottsarbeidet ved kunsth\u00f8yskolene \u2013 og videre inn i v\u00e5r egen tid, der leire formes med b\u00e5de tradisjon og individuell visjon av unge keramikere som arbeider mer individuelt og uttrykksfullt enn mange av sine l\u00e6remestere.<\/p>\n<h3><strong>Laget for samlere, kunstinteresserte og fagmilj\u00f8er<\/strong><\/h3>\n<p>Boken viser frem b\u00e5de kjente navn og de som lenge har v\u00e6rt glemt. I tillegg inneholder den en rik oversikt over\u00a0<strong>stempler og signaturer<\/strong>, som gj\u00f8r det enklere \u00e5 identifisere verker og forst\u00e5 kunstnernes uttrykk og\u00a0historie.<\/p>\n<p>Boken presenterer flere hundre\u00a0keramikere. Med kombinasjonen bilder, historikk og fagkunnskap, blir\u00a0<em>Norsk keramikk<\/em>\u00a0b\u00e5de et vakkert oppslagsverk og en kilde til etterlengtet faglig fordypning over 480 sider.<\/p>\n<p><em>Norsk keramikk<\/em> gir innsikt i hvordan <strong>kulturhistorie, kunst og kunnskap om materialer<\/strong>\u00a0henger sammen \u2013 og hvorfor keramikk fortjener sin plass i v\u00e5r nasjonale fortelling.<\/p>\n<p>Boken prelanseres l\u00f8rdag 1. juni p\u00e5 Senter for keramisk kunst. Forfatter Mats Linder presenterer boken <em>Norsk keramikk<\/em> i samtale med seniorekspert Tor Henrik Fjelldal fra Blomqvist.<\/p>\n<p><a href=\"https:\/\/papiret.no\/en\/product\/norsk-keramikk\/\">Bestill boken her<\/a><\/p>\n<p><img decoding=\"async\" src=\"https:\/\/papiret.no\/wp-content\/uploads\/dogamerket2023-1200x1046.jpg\" sizes=\"(max-width: 360px) 147px, (max-width: 1170px) 100vw, 1170px\" srcset=\"https:\/\/papiret.no\/wp-content\/uploads\/\/dogamerket2023-1200x1046.jpg 1200w, https:\/\/papiret.no\/wp-content\/uploads\/\/dogamerket2023-600x523.jpg 600w, https:\/\/papiret.no\/wp-content\/uploads\/\/dogamerket2023-768x669.jpg 768w, https:\/\/papiret.no\/wp-content\/uploads\/\/dogamerket2023-1536x1338.jpg 1536w, https:\/\/papiret.no\/wp-content\/uploads\/\/dogamerket2023-2048x1784.jpg 2048w, https:\/\/papiret.no\/wp-content\/uploads\/\/dogamerket2023-14x12.jpg 14w, https:\/\/papiret.no\/wp-content\/uploads\/\/dogamerket2023-990x863.jpg 990w, https:\/\/papiret.no\/wp-content\/uploads\/\/dogamerket2023-441x384.jpg 441w, https:\/\/papiret.no\/wp-content\/uploads\/\/dogamerket2023-300x261.jpg 300w, https:\/\/papiret.no\/wp-content\/uploads\/\/dogamerket2023-800x697.jpg 800w, https:\/\/papiret.no\/wp-content\/uploads\/\/dogamerket2023-150x131.jpg 150w\" alt=\"Papiret forlag, Studiogeist og Mats Linder mottar DOGA-merket 2023. Foto.\" width=\"1170\" height=\"1020\" \/><\/p>\n<h2>DOGA merket mottaker<\/h2>\n<h2>Norsk design og kunsth\u00e5ndverk ut av skyggen<\/h2>\n<p>Norske designere har lenge kommet i skyggen av kollegaene i nabolandene v\u00e5re. En lavm\u00e6lt, men ambisi\u00f8s bokserie tar et stort steg i retning av \u00e5 gj\u00f8re norsk formgivning bedre kjent hjemme og ute.<\/p>\n<p>N\u00e5 tildeles Papiret Forlag, Studiogeist og Mats Linder DOGA-merket for bokserien, fordi den l\u00f8fter frem et fagomr\u00e5de som ikke er s\u00e5 kjent for det brede publikum. Bokserien har potensial til \u00e5 inspirere nye generasjoner.<\/p>\n<p>DOGA-merket for design og arkitektur har blitt delt ut siden 1965 og er en pris som deles ut \u00e5rlig til norske virksomheter og ut\u00f8vere som skaper verdi gjennom bruk av design og arkitektur. DOGA-merket hedrer samarbeid, tverrfaglighet, gode prosesser og fremragende h\u00e5ndverk. Vinnerprosjektene viser vellykket bruk av design og arkitektur og har positive ringvirkninger for samfunn, planet og \u00f8konomi.<\/p>\n<p><a href=\"https:\/\/doga.no\/aktiviteter\/dogas-priser\/doga-merket-design-arkitektur\/vinnere-av-doga-merket\/norsk-design-og-kunsthandverk-ut-av-skyggen\/\">Juryens begrunnelse finner du her<\/a><\/p>","protected":false},"excerpt":{"rendered":"<p>Mats Linder p\u00e5 NRK om Glass Se dokumentaren p\u00e5 NRK her Utsolgt p\u00e5 rekordtid: Boken om Norsk keramikk N\u00e6rmere to tonn b\u00f8ker sendt ut p\u00e5 under to m\u00e5neder Interessen for\u00a0Boken om Norsk keramikk\u00a0har v\u00e6rt enorm. Allerede to m\u00e5neder etter lansering er hele f\u00f8rsteopplaget utsolgt \u2013 n\u00e6rmere to tonn b\u00f8ker er sendt ut fra lageret til [&hellip;]<\/p>\n","protected":false},"author":2,"featured_media":0,"parent":0,"menu_order":0,"comment_status":"closed","ping_status":"closed","template":"elementor_theme","meta":{"_acf_changed":false,"footnotes":""},"class_list":["post-7479","page","type-page","status-publish","hentry"],"acf":[],"_links":{"self":[{"href":"https:\/\/papiret.no\/en\/wp-json\/wp\/v2\/pages\/7479","targetHints":{"allow":["GET"]}}],"collection":[{"href":"https:\/\/papiret.no\/en\/wp-json\/wp\/v2\/pages"}],"about":[{"href":"https:\/\/papiret.no\/en\/wp-json\/wp\/v2\/types\/page"}],"author":[{"embeddable":true,"href":"https:\/\/papiret.no\/en\/wp-json\/wp\/v2\/users\/2"}],"replies":[{"embeddable":true,"href":"https:\/\/papiret.no\/en\/wp-json\/wp\/v2\/comments?post=7479"}],"version-history":[{"count":259,"href":"https:\/\/papiret.no\/en\/wp-json\/wp\/v2\/pages\/7479\/revisions"}],"predecessor-version":[{"id":10515,"href":"https:\/\/papiret.no\/en\/wp-json\/wp\/v2\/pages\/7479\/revisions\/10515"}],"wp:attachment":[{"href":"https:\/\/papiret.no\/en\/wp-json\/wp\/v2\/media?parent=7479"}],"curies":[{"name":"wp","href":"https:\/\/api.w.org\/{rel}","templated":true}]}}