{"id":7133,"date":"2022-07-17T20:06:25","date_gmt":"2022-07-17T20:06:25","guid":{"rendered":"http:\/\/papiret.no\/?page_id=7133"},"modified":"2022-11-10T13:25:53","modified_gmt":"2022-11-10T13:25:53","slug":"personvern","status":"publish","type":"page","link":"https:\/\/papiret.no\/en\/personvern\/","title":{"rendered":"Personvern"},"content":{"rendered":"<p><strong>1. Innledning<br><\/strong>Denne personvernerkl\u00e6ringen gjelder for Papiret Forlag (heretter omtalt som \u00abvi\u00bb) og forklarer hvorfor vi samler inn informasjon om deg, hvordan vi bruker denne informasjonen og hvordan vi tar hensyn til ditt personvern.<\/p>\n\n\n\n<p>V\u00e5rt grunnlag for \u00e5 behandle personopplysninger vil variere, vil best\u00e5 av ditt samtykke eller fordi det er lovp\u00e5lagt. Videre kan det v\u00e6re n\u00f8dvendig \u00e5 behandle personopplysninger for \u00e5 oppfylle en avtale med deg eller for \u00e5 oppfylle en rettslig forpliktelse. Du kan n\u00e5r som helst trekke tilbake ditt samtykke.&nbsp;<\/p>\n\n\n\n<p><strong>2. Om personopplysninger, samtykke og informasjonskapsler<br><\/strong>Personopplysninger er opplysninger og vurderinger som kan knyttes til en identifiserbar enkeltperson. Dette kan v\u00e6re navn, adresse, telefonnummer, e-postadresse, IP-adresse og kj\u00f8ps- og adferdshistorikk.<br><br>All behandling av personopplysninger, slik som innsamling, registrering, lagring og utlevering er underlagt s\u00e6rskilte regler, blant annet i personopplysningsloven. Det er vi som er ansvarlig for at behandlingen skjer i samsvar med lovens regler. Datatilsynet f\u00f8rer tilsyn med at loven overholdes.<\/p>\n\n\n\n<p><strong>N\u00f8dvendig lagring av opplysninger<\/strong><\/p>\n\n\n\n<p>Noen opplysninger vi samler inn er helt n\u00f8dvendige for at du kan kunne handle i nettbutikken v\u00e5r. Eksempler p\u00e5 dette informasjon som holder deg p\u00e5logget under handleprosessen i nettbutikken, som lagres som en informasjonskapsel. Andre opplysninger som er n\u00f8dvendige er adresse og fakturaopplysninger for at vi kan sende deg varene og ta i mot betalinger. Ved \u00e5 benytte v\u00e5r nettside s\u00e5 godtar du at vi lagrer disse opplysningene. Du kan n\u00e5r som helst kreve data om deg utlevert og f\u00e5 dette slettet, dersom du tar kontakt med oss.<\/p>\n\n\n\n<p><strong>Valgfri deling av opplysninger<\/strong><\/p>\n\n\n\n<p>Enkelte opplysninger lagrer vi kun dersom du gir oss et aktivt samtykke til \u00e5 samle dette inn. Eksempler p\u00e5 dette er informasjon om deg som kan benyttes til \u00e5 vise deg reklameannonser p\u00e5 tredjeparts nettsteder med grunnlag i produkter du har sett p\u00e5 i nettbutikken v\u00e5r. Dersom vi bruker slike tjenester s\u00e5 sp\u00f8r vi deg om samtykke til dette p\u00e5 nettsiden v\u00e5r, og vi samler kun inn opplysningene dersom du gir oss samtykke. Dersom du ikke tar stilling til sp\u00f8rsm\u00e5let samler vi heller ikke inn opplysningene.<\/p>\n\n\n\n<p><strong>3. Hva slags opplysninger samler vi inn?<\/strong><\/p>\n\n\n\n<p>For \u00e5 kunne levere s\u00e5 gode tjenester som mulig er vi avhengige av \u00e5 samle inn ulike typer informasjon, inkludert personopplysninger om deg. Under f\u00f8lger en oversikt over hvordan vi typisk samler inn personopplysningene og hvilke opplysninger dette typisk er. Vi samler ikke inn sensitiv informasjon.<br><\/p>\n\n\n\n<p><strong>a) Opplysninger du selv gir til oss<\/strong><\/p>\n\n\n\n<p>N\u00e5r du registrerer deg og\/eller handler p\u00e5 v\u00e5r nettside, m\u00e5 du oppgi en del informasjon som lagres av oss, slik som navn, e-postadresse, adresse og mobilnummer. Vi vil ogs\u00e5 lagre opplysninger n\u00e5r du kontakter oss senere. Informasjonen du oppgir kan ogs\u00e5 berikes ved hjelp av oppslagstjenester eller sosiale medier du gir oss tilgang til.<\/p>\n\n\n\n<p><strong>b) Opplysninger vi f\u00e5r gjennom bruk av tjenestene v\u00e5re<\/strong><\/p>\n\n\n\n<p>N\u00e5r du bruker v\u00e5re tjenester, registrerer vi informasjon om hvilke tjenester du bruker og hvordan du bruker dem. Vi samler blant annet informasjon om:<br><br><\/p>\n\n\n\n<p><strong>i) Din enhet og din internett-tilkobling<\/strong><\/p>\n\n\n\n<p>Vi kan registrere informasjon om enheten du benytter, for eksempel produsent av mobil\/PC, operativsystem og nettleser. Vi kan ogs\u00e5 samle informasjon om tilkoblingen til v\u00e5re tjenester, som IP-adresser, nettverks-id, informasjonskapsler og unike identifikasjonsfiler.<\/p>\n\n\n\n<p><strong>ii) Bruk av tjeneste eller kj\u00f8p<\/strong><\/p>\n\n\n\n<p>Vi registrerer informasjon om din bruk av tjenestene, som hvilke sider du er inne p\u00e5, n\u00e5r du er inne p\u00e5 sidene samt hvilke funksjoner du har brukt p\u00e5 sidene.<\/p>\n\n\n\n<p><strong>c) Opplysninger vi f\u00e5r fra andre kilder<\/strong><\/p>\n\n\n\n<p>Vi kan motta opplysninger om deg hvis du bruker noen av de andre tjenestene vi tilbyr p\u00e5 dette nettstedet. Vi samarbeider ogs\u00e5 tett med tredjeparter (f.eks. forretningspartnere, leverand\u00f8rer av tekniske tjenester, betalingstjenester og leveringstjenester, reklamenettverk, analyseselskaper, s\u00f8kemotorer og kredittopplysningsbyr\u00e5er) og kan motta opplysninger om deg fra disse. Dette inkluderer ogs\u00e5 opplysninger som er offentlig tilgjengelige.<\/p>\n\n\n\n<p><strong>d) Informasjonskapsler og annet innhold som lagres lokalt<\/strong><\/p>\n\n\n\n<p>N\u00e5r du bruker v\u00e5re tjenester eller er inne p\u00e5 v\u00e5re nettsider, lagres informasjonskapsler og annen data som senere kan leses av oss.<\/p>\n\n\n\n<p><strong>e) Automatiske vurderinger<\/strong><\/p>\n\n\n\n<p>Gjennom analyse av dine kj\u00f8p og atferd kan det utledes automatisk kategorisering av deg som kunde.<\/p>\n\n\n\n<p><strong>4. Hva brukes opplysningene til?<\/strong><\/p>\n\n\n\n<p>Vi bruker personopplysninger til f\u00f8lgende form\u00e5l:<\/p>\n\n\n\n<p><strong>a) For \u00e5 levere og forbedre tjenestene v\u00e5re<\/strong><\/p>\n\n\n\n<p>Vi bruker personopplysninger for \u00e5 levere varene (eller tjenestene) v\u00e5re til deg. For eksempel trenger vi personopplysninger for at du skal kunne logge inn p\u00e5 v\u00e5re sider og om relevant, for \u00e5 kunne betale for varer og tjenester. Vi bruker ogs\u00e5 personopplysninger for \u00e5 sikre en best mulig brukeropplevelse for deg, blant annet ved \u00e5 tilpasse visningen av innholdet til din skjerm\/enhet og \u00e5 s\u00f8rge for raskest mulig lasting av sidene.<\/p>\n\n\n\n<p><strong>b) For \u00e5 tilpasse tjenestene, gi deg anbefalinger og relevant markedsf\u00f8ring<\/strong><br>Vi \u00f8nsker \u00e5 gi deg anbefalinger, produktinformasjon og tjenestetilpasninger som er mest mulig relevant for deg. Dette vil b\u00e5de bli gitt p\u00e5 bakgrunn av din egen atferd, f.eks. p\u00e5 bakgrunn av hvilke produkter og tjenester du har brukt eller kj\u00f8pt, annonser du har klikket p\u00e5, eller artikler du har lest, og p\u00e5 bakgrunn av atferden til andre brukere med liknende bruksm\u00f8nster som deg.<\/p>\n\n\n\n<p><strong>c) For \u00e5 forbedre digital kommunikasjon og annonsering<\/strong><br>Vi bruker dine personopplysninger for \u00e5 forbedre v\u00e5r annonsering. Ved \u00e5 opprette en profil hos oss godtar du m\u00e5lrettet annonsering gjennom programmatiske kj\u00f8p og m\u00e5lrettet annonsering gjennom sosiale medier der din persondata vil benyttes i kj\u00f8p av slik annonsering.<\/p>\n\n\n\n<p><strong>d) For \u00e5 utarbeide statistikk og forst\u00e5 markedstrender<\/strong><\/p>\n\n\n\n<p>Vi utarbeider statistikk og kartlegger markedstrender. Dette gj\u00f8r vi for \u00e5 kunne forbedre og videreutvikle produkttilbudene og tjenestene v\u00e5re. S\u00e5 langt det er praktisk mulig fors\u00f8ker vi \u00e5 gj\u00f8re dette med anonyme opplysninger, uten at vi vet at informasjonen er knyttet spesifikt til deg.<\/p>\n\n\n\n<p><strong>e) For \u00e5 forhindre misbruk av tjenestene v\u00e5re<\/strong><\/p>\n\n\n\n<p>Vi bruker personopplysninger for \u00e5 forhindre misbruk av tjenestene v\u00e5re. Misbruk kan v\u00e6re fors\u00f8k p\u00e5 \u00e5 logge p\u00e5 andres kontoer, fors\u00f8k p\u00e5 svindel, \u201cspamming\u201d, hets, sjikane og andre handlinger som er forbudt etter norsk lov.<\/p>\n\n\n\n<p><strong>5. Deling av opplysninger<\/strong><\/p>\n\n\n\n<p>Vi deler i noen tilfeller personopplysninger med andre selskaper som utf\u00f8rer tjenester p\u00e5 v\u00e5re vegne. Dette er f\u00f8rst og fremst for \u00e5 gi deg en tryggere og bedre handleopplevelse. Her er de viktigste eksemplene:<br><\/p>\n\n\n\n<p><strong>a) N\u00e5r andre utf\u00f8rer tjenester p\u00e5 v\u00e5re vegne<\/strong><\/p>\n\n\n\n<p>For eksempel web- og markedsf\u00f8ringsbyr\u00e5er til \u00e5 drifte nettbutikken og vise deg m\u00e5lrettet markedsf\u00f8ring samt lage kampanjer. Disse har ikke lov til \u00e5 bruke disse personopplysningene til noe annet enn \u00e5 utf\u00f8re tjenester for oss. Dersom du har gitt oss samtykke til deling av opplysninger, s\u00e5 kan opplysningene bli delt med f\u00f8lgende tredjeparter:<\/p>\n\n\n\n<ul class=\"wp-block-list\">\n<li><strong>Google Analytics og Google Ads<\/strong>\n<ul class=\"wp-block-list\">\n<li>Opplysninger om bruksm\u00f8nster p\u00e5 nettsiden (blant annet hvilke sider som er bes\u00f8kt og n\u00e5r) deles med Google som knyttes til deg som bruker p\u00e5 en delvis anonymisert m\u00e5te. Vi vil ikke kunne knytte dette til deg personlig, men vi kan bruke informasjonen til \u00e5 se generell bruksm\u00f8nster p\u00e5 nettsiden v\u00e5r, og for \u00e5 kunne sende deg skreddersydd reklame i Google sitt nettverk i form av bilde- og tekstannonser p\u00e5 tredjeparts nettsider.<\/li>\n<\/ul>\n<\/li>\n\n\n\n<li><strong>Facebook Messenger (chat)<\/strong>\n<ul class=\"wp-block-list\">\n<li>Dersom vi skulle benytte chatl\u00f8sning fra Facebook, vil Facebook kunne identifisere deg p\u00e5 v\u00e5r nettside slik at du ikke slipper \u00e5 m\u00e5tte oppgi navn og E-post for \u00e5 initiere chat med oss. Vi lagrer ikke disse dataene p\u00e5 v\u00e5r nettside, men chatloggen vil bli lagret p\u00e5 v\u00e5r Facebook Messenger-konto. Loggen kan fjernes etter din foresp\u00f8rsel hvis du kontakter oss.<\/li>\n<\/ul>\n<\/li>\n\n\n\n<li><strong>Tawk.to (chat)&nbsp;<\/strong>\n<ul class=\"wp-block-list\">\n<li>Dersom vi skulle benytte chatl\u00f8sning fra Tawk.to, vil Tawk.to lagre chatlogggen samt din IP-adresse p\u00e5 sin server. Loggen kan fjernes etter din foresp\u00f8rsel hvis du kontakter oss.<\/li>\n<\/ul>\n<\/li>\n\n\n\n<li><strong>Facebook Pixel<\/strong>\n<ul class=\"wp-block-list\">\n<li>Denne siden kan benytte Facebook Pixel, som er en informasjonskapsel som sporer at du har v\u00e6rt inne p\u00e5 v\u00e5r nettside, slik at du senere kan motta reklame fra oss via Facebook sitt nettverk.<\/li>\n<\/ul>\n<\/li>\n\n\n\n<li><strong>WordPress og Gravatar<\/strong>\n<ul class=\"wp-block-list\">\n<li>Denne nettsiden benytter WordPress som publiseringsl\u00f8sning. Dersom du skulle opprette en bruker p\u00e5 v\u00e5r nettside, eller publisere en kommentar hos oss, vil en informasjonskapsel kunne huske deg som bruker n\u00e5r du bes\u00f8ker nettsiden v\u00e5r neste gang, slik at du ikke m\u00e5 logge inn hver gang. Dersom du har registrert et profilbilde p\u00e5 Gravatar.com vil WordPress knytte dette opp mot deg som bruker og vise profilbildet ditt p\u00e5 siden v\u00e5r.&nbsp;<\/li>\n<\/ul>\n<\/li>\n\n\n\n<li><strong>Kontaktskjemaer<\/strong>\n<ul class=\"wp-block-list\">\n<li>Dersom du benytter deg av en av v\u00e5re kontaktskjemaer, vil skjemaet bli sendt som E-post til oss, og bli lagret p\u00e5 v\u00e5r E-postserver. En kopi av E-posten kan ogs\u00e5 bli lagret i en database i tillegg, for \u00e5 sikre at vi har mottatt din melding dersom E-posten ikke skulle komme frem. Denne databasen slettes med jevne mellomrom.&nbsp;<\/li>\n<\/ul>\n<\/li>\n<\/ul>\n\n\n\n<p><strong>b) Ved mistanke om lovbrudd<\/strong>&nbsp;<\/p>\n\n\n\n<p>vil informasjon kunne utleveres til offentlige myndigheter etter begj\u00e6ring. Vi vil ogs\u00e5 kunne utlevere informasjon ved mistanke om svindel, eller informasjon som er n\u00f8dvendig for \u00e5 avklare konkrete tvister.<\/p>\n\n\n\n<p><strong>7. Sletting av personopplysninger<\/strong><\/p>\n\n\n\n<p>Vi er lovp\u00e5lagt til \u00e5 holde p\u00e5 visse personopplysninger. Eksempler p\u00e5 dette er:<\/p>\n\n\n\n<ul class=\"wp-block-list\">\n<li>Lov om bokf\u00f8ring<\/li>\n\n\n\n<li>Ordredata iht. angrerett<\/li>\n\n\n\n<li>Ordredata iht. garantier<\/li>\n<\/ul>\n\n\n\n<p><br>Du har krav p\u00e5 at alle v\u00e5re opplysninger om deg skal kunne slettes p\u00e5 oppfordring, dersom vi ikke er lovp\u00e5lagt om \u00e5 lagre disse. Du kan henvende deg ang\u00e5ende dette \u00e5&nbsp;oppheve ditt kundeforhold, ved \u00e5 sende oss en E-post (Se \u00abkontaktinformasjon\u00bb).<\/p>\n\n\n\n<p><strong>8. Sikring av personopplysninger<\/strong><\/p>\n\n\n\n<p>Vi bruker hensiktsmessige sikkerhetstiltak for \u00e5 beskytte personopplysninger som er under v\u00e5r kontroll mot uautorisert tilgang, innhenting, bruk, videreformidling, avsl\u00f8ring, kopiering, modifisering eller avhending.<\/p>\n\n\n\n<p><strong>9. S\u00e6rlig om markedsf\u00f8ring i e-post og SMS<\/strong><\/p>\n\n\n\n<p>Dersom du har et aktivt kundeforhold til oss, kan vi sende deg markedsf\u00f8ring p\u00e5 e-post eller med andre elektroniske kommunikasjonsmetoder i henhold til markedsf\u00f8ringsloven \u00a7 15. Det inkluderer nyhetsbrev og andre henvendelser vedr\u00f8rende innhold, tjenester, tilbud, kampanjer og arrangementer fra oss, via e-post, telefon, SMS og sosiale medier.<br><br>Dersom du derimot ikke har et aktivt kundeforhold, vil vi bare sende slik markedsf\u00f8ring hvis du har gitt oss et samtykke til dette. Din persondata kan ogs\u00e5 brukes til \u00e5 tilpasse denne kommunikasjonen. Du kan n\u00e5r som helst enkelt og kostnadsfritt melde deg av markedsf\u00f8ringshenvendelser gjennom avmeldings-funksjonen i e-postene\/SMS-ene.<br><\/p>\n\n\n\n<p><strong>10. Endringer i personvernerkl\u00e6ringen<\/strong><\/p>\n\n\n\n<p>Vi vil med jevne mellomrom kunne oppdatere eller endre personvernerkl\u00e6ringen.&nbsp;<\/p>\n\n\n\n<p>Ved st\u00f8rre endringer vil vi informere om dette.<\/p>\n\n\n\n<p><strong>12. Rett til \u00e5 klage<\/strong><\/p>\n\n\n\n<p>Du har rett til \u00e5 klage til en tilsynsmyndighet, som i Norge er Datatilsynet.<\/p>\n\n\n\n<p><strong>13. Kontaktinformasjon<\/strong><\/p>\n\n\n\n<p>Dersom du har sp\u00f8rsm\u00e5l om v\u00e5r personvernerkl\u00e6ring, sp\u00f8rsm\u00e5l om bruk av personopplysninger, om du \u00f8nsker \u00e5 f\u00e5 utlevert data vi har registrert p\u00e5 deg, korrigering av registrert data, tilbaketrekking av samtykke eller sletting, ta gjerne kontakt med oss p\u00e5 (Epostadresse)<\/p>","protected":false},"excerpt":{"rendered":"<p>1. InnledningDenne personvernerkl\u00e6ringen gjelder for Papiret Forlag (heretter omtalt som \u00abvi\u00bb) og forklarer hvorfor vi samler inn informasjon om deg, hvordan vi bruker denne informasjonen og hvordan vi tar hensyn til ditt personvern. V\u00e5rt grunnlag for \u00e5 behandle personopplysninger vil variere, vil best\u00e5 av ditt samtykke eller fordi det er lovp\u00e5lagt. Videre kan det v\u00e6re [&hellip;]<\/p>\n","protected":false},"author":1,"featured_media":0,"parent":0,"menu_order":0,"comment_status":"closed","ping_status":"closed","template":"","meta":{"_acf_changed":false,"footnotes":""},"class_list":["post-7133","page","type-page","status-publish","hentry"],"acf":[],"_links":{"self":[{"href":"https:\/\/papiret.no\/en\/wp-json\/wp\/v2\/pages\/7133","targetHints":{"allow":["GET"]}}],"collection":[{"href":"https:\/\/papiret.no\/en\/wp-json\/wp\/v2\/pages"}],"about":[{"href":"https:\/\/papiret.no\/en\/wp-json\/wp\/v2\/types\/page"}],"author":[{"embeddable":true,"href":"https:\/\/papiret.no\/en\/wp-json\/wp\/v2\/users\/1"}],"replies":[{"embeddable":true,"href":"https:\/\/papiret.no\/en\/wp-json\/wp\/v2\/comments?post=7133"}],"version-history":[{"count":2,"href":"https:\/\/papiret.no\/en\/wp-json\/wp\/v2\/pages\/7133\/revisions"}],"predecessor-version":[{"id":7684,"href":"https:\/\/papiret.no\/en\/wp-json\/wp\/v2\/pages\/7133\/revisions\/7684"}],"wp:attachment":[{"href":"https:\/\/papiret.no\/en\/wp-json\/wp\/v2\/media?parent=7133"}],"curies":[{"name":"wp","href":"https:\/\/api.w.org\/{rel}","templated":true}]}}