{"id":1132,"date":"2018-07-07T11:27:10","date_gmt":"2018-07-07T11:27:10","guid":{"rendered":"http:\/\/shoptimizer.local\/?page_id=779"},"modified":"2023-01-04T12:13:11","modified_gmt":"2023-01-04T12:13:11","slug":"kontakt","status":"publish","type":"page","link":"https:\/\/papiret.no\/en\/kontakt\/","title":{"rendered":"Kontakt"},"content":{"rendered":"<div data-elementor-type=\"wp-post\" data-elementor-id=\"1132\" class=\"elementor elementor-1132\" data-elementor-post-type=\"page\">\n\t\t\t\t\t\t<section class=\"elementor-section elementor-top-section elementor-element elementor-element-3fdebd4 elementor-section-content-top elementor-section-boxed elementor-section-height-default elementor-section-height-default\" data-id=\"3fdebd4\" data-element_type=\"section\" data-e-type=\"section\">\n\t\t\t\t\t\t<div class=\"elementor-container elementor-column-gap-wider\">\n\t\t\t\t\t<div class=\"elementor-column elementor-col-100 elementor-top-column elementor-element elementor-element-b276ccd\" data-id=\"b276ccd\" data-element_type=\"column\" data-e-type=\"column\">\n\t\t\t<div class=\"elementor-widget-wrap elementor-element-populated\">\n\t\t\t\t\t\t<div class=\"elementor-element elementor-element-59dd2ae elementor-widget elementor-widget-text-editor\" data-id=\"59dd2ae\" data-element_type=\"widget\" data-e-type=\"widget\" data-widget_type=\"text-editor.default\">\n\t\t\t\t<div class=\"elementor-widget-container\">\n\t\t\t\t\t\t\t\t\t<p>Customer services<\/p>\t\t\t\t\t\t\t\t<\/div>\n\t\t\t\t<\/div>\n\t\t\t\t<div class=\"elementor-element elementor-element-b5a63a3 elementor-widget elementor-widget-text-editor\" data-id=\"b5a63a3\" data-element_type=\"widget\" data-e-type=\"widget\" data-widget_type=\"text-editor.default\">\n\t\t\t\t<div class=\"elementor-widget-container\">\n\t\t\t\t\t\t\t\t\t<p>If you have any questions regarding your order, please check out\u00a0<br \/><a class=\"\" href=\"http:\/\/papiret.no\/en\/ofte-stilte-sporsmal\/\"><span style=\"text-decoration: underline;\">Frequently Asked Questions<\/span>.<\/a>\u00a0<\/p><p>Do you still need help? <br \/>Do not hesitate to get in touch <span style=\"text-decoration: underline;\"><a href=\"mailto:play@studiogeist.no\">play@studiogeist.no<\/a><\/span>.\u00a0<\/p>\t\t\t\t\t\t\t\t<\/div>\n\t\t\t\t<\/div>\n\t\t\t\t<div class=\"elementor-element elementor-element-0a3b4cb elementor-widget elementor-widget-text-editor\" data-id=\"0a3b4cb\" data-element_type=\"widget\" data-e-type=\"widget\" data-widget_type=\"text-editor.default\">\n\t\t\t\t<div class=\"elementor-widget-container\">\n\t\t\t\t\t\t\t\t\t<p>Any questions about the book series?\u00a0<\/p>\t\t\t\t\t\t\t\t<\/div>\n\t\t\t\t<\/div>\n\t\t\t\t<div class=\"elementor-element elementor-element-c6f77eb elementor-widget elementor-widget-text-editor\" data-id=\"c6f77eb\" data-element_type=\"widget\" data-e-type=\"widget\" data-widget_type=\"text-editor.default\">\n\t\t\t\t<div class=\"elementor-widget-container\">\n\t\t\t\t\t\t\t\t\t<p>If you want to give us feedback, praise or tips for future releases, please get in touch <a href=\"mailto:play@studiogeist.no\"><span style=\"text-decoration: underline;\">play@studiogeist.no<\/span><\/a>.<\/p>\t\t\t\t\t\t\t\t<\/div>\n\t\t\t\t<\/div>\n\t\t\t\t<div class=\"elementor-element elementor-element-2bf3488 elementor-widget elementor-widget-text-editor\" data-id=\"2bf3488\" data-element_type=\"widget\" data-e-type=\"widget\" data-widget_type=\"text-editor.default\">\n\t\t\t\t<div class=\"elementor-widget-container\">\n\t\t\t\t\t\t\t\t\t<p>Papiret Forlag \/ Studiogeist<br \/>Storgata 22<br \/>1607 Fredrikstad<\/p>\t\t\t\t\t\t\t\t<\/div>\n\t\t\t\t<\/div>\n\t\t\t\t<div class=\"elementor-element elementor-element-d594028 elementor-widget-mobile__width-initial elementor-widget elementor-widget-image\" data-id=\"d594028\" data-element_type=\"widget\" data-e-type=\"widget\" data-widget_type=\"image.default\">\n\t\t\t\t<div class=\"elementor-widget-container\">\n\t\t\t\t\t\t\t\t\t\t\t\t\t\t\t<img fetchpriority=\"high\" decoding=\"async\" width=\"768\" height=\"612\" src=\"https:\/\/papiret.no\/wp-content\/uploads\/05_NorskDesignKunsthandverk_Studiogeist-768x612.jpg\" class=\"attachment-medium_large size-medium_large wp-image-7554\" alt=\"Foto av dame foran datamaskin\" srcset=\"https:\/\/papiret.no\/wp-content\/uploads\/\/05_NorskDesignKunsthandverk_Studiogeist-768x612.jpg 768w, https:\/\/papiret.no\/wp-content\/uploads\/\/05_NorskDesignKunsthandverk_Studiogeist-600x478.jpg 600w, https:\/\/papiret.no\/wp-content\/uploads\/\/05_NorskDesignKunsthandverk_Studiogeist-1200x956.jpg 1200w, https:\/\/papiret.no\/wp-content\/uploads\/\/05_NorskDesignKunsthandverk_Studiogeist-1536x1224.jpg 1536w, https:\/\/papiret.no\/wp-content\/uploads\/\/05_NorskDesignKunsthandverk_Studiogeist-990x789.jpg 990w, https:\/\/papiret.no\/wp-content\/uploads\/\/05_NorskDesignKunsthandverk_Studiogeist-441x351.jpg 441w, https:\/\/papiret.no\/wp-content\/uploads\/\/05_NorskDesignKunsthandverk_Studiogeist-300x239.jpg 300w, https:\/\/papiret.no\/wp-content\/uploads\/\/05_NorskDesignKunsthandverk_Studiogeist-800x638.jpg 800w, https:\/\/papiret.no\/wp-content\/uploads\/\/05_NorskDesignKunsthandverk_Studiogeist-150x120.jpg 150w, https:\/\/papiret.no\/wp-content\/uploads\/\/05_NorskDesignKunsthandverk_Studiogeist.jpg 2000w\" sizes=\"(max-width: 360px) 147px, (max-width: 768px) 100vw, 768px\" \/>\t\t\t\t\t\t\t\t\t\t\t\t\t\t\t<\/div>\n\t\t\t\t<\/div>\n\t\t\t\t\t<\/div>\n\t\t<\/div>\n\t\t\t\t\t<\/div>\n\t\t<\/section>\n\t\t\t\t<\/div>","protected":false},"excerpt":{"rendered":"<p>Kundeservice Har du sp\u00f8rsm\u00e5l ang\u00e5ende bestillingen din s\u00e5 sjekk ut\u00a0Ofte stilte sp\u00f8rsm\u00e5l.\u00a0 Trenger du fortsatt hjelp? N\u00f8l ikke med \u00e5 ta kontakt med play@studiogeist.no.\u00a0 Lurer du p\u00e5 noe om bokserien?\u00a0 \u00d8nsker du \u00e5 gi oss ris, ros eller tips til fremtidige utgivelser, ta gjerne kontakt p\u00e5 play@studiogeist.no. Papiret Forlag \/ StudiogeistStorgata 221607 Fredrikstad<\/p>","protected":false},"author":1,"featured_media":0,"parent":0,"menu_order":0,"comment_status":"closed","ping_status":"closed","template":"template-fullwidth-no-heading.php","meta":{"_acf_changed":false,"footnotes":""},"class_list":["post-1132","page","type-page","status-publish","hentry"],"acf":[],"_links":{"self":[{"href":"https:\/\/papiret.no\/en\/wp-json\/wp\/v2\/pages\/1132","targetHints":{"allow":["GET"]}}],"collection":[{"href":"https:\/\/papiret.no\/en\/wp-json\/wp\/v2\/pages"}],"about":[{"href":"https:\/\/papiret.no\/en\/wp-json\/wp\/v2\/types\/page"}],"author":[{"embeddable":true,"href":"https:\/\/papiret.no\/en\/wp-json\/wp\/v2\/users\/1"}],"replies":[{"embeddable":true,"href":"https:\/\/papiret.no\/en\/wp-json\/wp\/v2\/comments?post=1132"}],"version-history":[{"count":74,"href":"https:\/\/papiret.no\/en\/wp-json\/wp\/v2\/pages\/1132\/revisions"}],"predecessor-version":[{"id":8823,"href":"https:\/\/papiret.no\/en\/wp-json\/wp\/v2\/pages\/1132\/revisions\/8823"}],"wp:attachment":[{"href":"https:\/\/papiret.no\/en\/wp-json\/wp\/v2\/media?parent=1132"}],"curies":[{"name":"wp","href":"https:\/\/api.w.org\/{rel}","templated":true}]}}